{"id":14133,"date":"2019-09-28T18:33:59","date_gmt":"2019-09-28T18:33:59","guid":{"rendered":"http:\/\/localhost\/wordpress\/?page_id=14133"},"modified":"2024-02-26T12:53:38","modified_gmt":"2024-02-26T12:53:38","slug":"impressum","status":"publish","type":"page","link":"https:\/\/www.mini-timmi.de\/mini-timmi\/impressum\/","title":{"rendered":"Impressum"},"content":{"rendered":"<div id=\"cmsmasters_row_\" class=\"cmsmasters_row cmsmasters_color_scheme_default cmsmasters_row_top_default cmsmasters_row_bot_default cmsmasters_row_boxed\">\n<div class=\"cmsmasters_row_outer_parent\">\n<div class=\"cmsmasters_row_outer\">\n<div class=\"cmsmasters_row_inner\">\n<div class=\"cmsmasters_row_margin\">\n<div id=\"cmsmasters_column_\" class=\"cmsmasters_column one_first\">\n<div class=\"cmsmasters_column_inner\"><div class=\"cmsmasters_text\">\n<h2 class=\"wp-block-heading\">Impressum<\/h2>\n<p><strong>Tr\u00e4ger: Generationenzentrum e.V.<\/strong>\u00a0(von 1999 bis 2007 ehemals Mini-Timmi e.V.)<\/p>\n<\/p>\n<p>Vorst\u00e4nde: Salvatore Manno (1. Vorsitzende), Ruth Flach, <br \/>Christof Michos, Matthias Blessou,<br \/>Kindergartenleitung: Susanne Gandrud, Verantwortlich f\u00fcr<br \/>redaktionelle Inhalte iSd. \u00a755 II RstV: Salvatore Manno Sitz der<br \/>Gesellschaft: M\u00fcnchen,\u00a0 Amtsgericht VR 16 46 9<\/p>\n<\/p>\n<p><strong>Haftung f\u00fcr Inhalte<\/strong><\/p>\n<\/p>\n<p>Die Inhalte unserer Seiten wurden mit gr\u00f6\u00dfter Sorgfalt erstellt. F\u00fcr<br \/>die Richtigkeit, Vollst\u00e4ndigkeit und Aktualit\u00e4t der Inhalte k\u00f6nnen wir<br \/>jedoch keine Gew\u00e4hr \u00fcbernehmen. Als Diensteanbieter sind wir gem\u00e4\u00df \u00a7 7<br \/>Abs.1 TMG f\u00fcr eigene Inhalte auf diesen Seiten nach den allgemeinen<br \/>Gesetzen verantwortlich. Nach \u00a7\u00a7 8 bis 10 TMG sind wir als<br \/>Diensteanbieter jedoch nicht verpflichtet, \u00fcbermittelte oder<br \/>gespeicherte fremde Informationen zu \u00fcberwachen oder nach Umst\u00e4nden zu<br \/>forschen, die auf eine rechtswidrige T\u00e4tigkeit hinweisen.<br \/>Verpflichtungen zur Entfernung oder Sperrung der Nutzung von<br \/>Informationen nach den allgemeinen Gesetzen bleiben hiervon unber\u00fchrt.<br \/>Eine diesbez\u00fcgliche Haftung ist jedoch erst ab dem Zeitpunkt der<br \/>Kenntnis einer konkreten Rechtsverletzung m\u00f6glich. Bei Bekanntwerden von<br \/>entsprechenden Rechtsverletzungen werden wir diese Inhalte umgehend<br \/>entfernen.<\/p>\n<\/p>\n<p><strong>Haftung f\u00fcr Links<\/strong><\/p>\n<\/p>\n<p>Unsere Webseite enth\u00e4lt Links zu externen Webseiten Dritter, auf<br \/>deren Inhalte wir keinen Einfluss haben. Deshalb k\u00f6nnen wir f\u00fcr diese<br \/>fremden Inhalte auch keine Gew\u00e4hr \u00fcbernehmen. F\u00fcr die Inhalte der<br \/>verlinkten Seiten ist stets der jeweilige Anbieter oder Betreiber der<br \/>Seiten verantwortlich. Die verlinkten Seiten wurden zum Zeitpunkt der<br \/>Verlinkung auf m\u00f6gliche Rechtsverst\u00f6\u00dfe \u00fcberpr\u00fcft. Rechtswidrige Inhalte<br \/>waren zum Zeitpunkt der Verlinkung nicht erkennbar. Eine permanente<br \/>inhaltliche Kontrolle der verlinkten Seiten ist jedoch ohne konkrete<br \/>Anhaltspunkte einer Rechtsverletzung nicht zumutbar. Bei Bekanntwerden<br \/>von Rechtsverletzungen werden wir derartige Links umgehend entfernen.<\/p>\n<\/p>\n<p><strong>Urheberrecht<\/strong><\/p>\n<\/p>\n<p>Die durch die Seitenbetreiber erstellten Inhalte und Werke auf diesen<br \/>Seiten unterliegen dem deutschen Urheberrecht. Beitr\u00e4ge Dritter sind<br \/>als solche gekennzeichnet. Die Vervielf\u00e4ltigung, Bearbeitung,<br \/>Verbreitung und jede Art der Verwertung au\u00dferhalb der Grenzen des<br \/>Urheberrechtes bed\u00fcrfen der schriftlichen Zustimmung des jeweiligen<br \/>Autors bzw. Erstellers. Downloads und Kopien dieser Seite sind nur f\u00fcr<br \/>den privaten, nicht kommerziellen Gebrauch gestattet. Die Betreiber der<br \/>Seiten sind bem\u00fcht, stets die Urheberrechte anderer zu beachten bzw. auf<br \/>selbst erstellte sowie lizenzfreie Werke zur\u00fcckzugreifen.<\/p>\n<\/p>\n<p><strong>Kontakt<\/strong><\/p>\n<\/p>\n<p>Wenn Sie uns \u00fcber E-Mail kontaktieren werden die entsprechenden Daten zur Bearbeitung gespeichert.<\/p>\n<\/p>\n<p><strong>L\u00f6schung von Daten<\/strong><\/p>\n<\/p>\n<p>Ihre pers\u00f6nlichen Daten werden nur so lange<br \/>gespeichert, wie dies absolut notwendig ist um die angegebenen Dienste<br \/>zu leisten und es vom Gesetz vorgeschrieben ist. Nach Ablauf dieser<br \/>Fristen werden die pers\u00f6nlichen Daten der Nutzer regelm\u00e4\u00dfig gel\u00f6scht.<\/p>\n<\/p>\n<\/div>\n<\/div><\/div>\n<\/div>\n<\/div>\n<\/div>\n<\/div>\n<\/div>\n<div id=\"cmsmasters_row_75r8u9cka\" class=\"cmsmasters_row cmsmasters_color_scheme_default cmsmasters_row_top_default cmsmasters_row_bot_default cmsmasters_row_boxed\">\n<div class=\"cmsmasters_row_outer_parent\">\n<div class=\"cmsmasters_row_outer\">\n<div class=\"cmsmasters_row_inner\">\n<div class=\"cmsmasters_row_margin\">\n<div id=\"cmsmasters_column_k7mbuznhyp\" class=\"cmsmasters_column one_first\">\n<div class=\"cmsmasters_column_inner\"><p><\/p>\n<\/div><\/div>\n<\/div>\n<\/div>\n<\/div>\n<\/div>\n<\/div>\n","protected":false},"excerpt":{"rendered":"","protected":false},"author":1,"featured_media":0,"parent":0,"menu_order":0,"comment_status":"closed","ping_status":"closed","template":"","meta":{"footnotes":""},"class_list":["post-14133","page","type-page","status-publish","hentry"],"_links":{"self":[{"href":"https:\/\/www.mini-timmi.de\/mini-timmi\/wp-json\/wp\/v2\/pages\/14133","targetHints":{"allow":["GET"]}}],"collection":[{"href":"https:\/\/www.mini-timmi.de\/mini-timmi\/wp-json\/wp\/v2\/pages"}],"about":[{"href":"https:\/\/www.mini-timmi.de\/mini-timmi\/wp-json\/wp\/v2\/types\/page"}],"author":[{"embeddable":true,"href":"https:\/\/www.mini-timmi.de\/mini-timmi\/wp-json\/wp\/v2\/users\/1"}],"replies":[{"embeddable":true,"href":"https:\/\/www.mini-timmi.de\/mini-timmi\/wp-json\/wp\/v2\/comments?post=14133"}],"version-history":[{"count":7,"href":"https:\/\/www.mini-timmi.de\/mini-timmi\/wp-json\/wp\/v2\/pages\/14133\/revisions"}],"predecessor-version":[{"id":15515,"href":"https:\/\/www.mini-timmi.de\/mini-timmi\/wp-json\/wp\/v2\/pages\/14133\/revisions\/15515"}],"wp:attachment":[{"href":"https:\/\/www.mini-timmi.de\/mini-timmi\/wp-json\/wp\/v2\/media?parent=14133"}],"curies":[{"name":"wp","href":"https:\/\/api.w.org\/{rel}","templated":true}]}}