{"id":15072,"date":"2020-01-16T13:48:25","date_gmt":"2020-01-16T13:48:25","guid":{"rendered":"http:\/\/www.mini-timmi.de\/mini-timmi\/?page_id=15072"},"modified":"2024-11-15T14:00:56","modified_gmt":"2024-11-15T14:00:56","slug":"uberuns","status":"publish","type":"page","link":"https:\/\/www.mini-timmi.de\/mini-timmi\/uberuns\/","title":{"rendered":"\u00dcberUns"},"content":{"rendered":"\t\t<div data-elementor-type=\"wp-page\" data-elementor-id=\"15072\" class=\"elementor elementor-15072\">\n\t\t\t\t\t\t<section class=\"elementor-section elementor-top-section elementor-element elementor-element-5ac2b927 elementor-section-boxed elementor-section-height-default elementor-section-height-default\" data-id=\"5ac2b927\" data-element_type=\"section\">\n\t\t\t\t\t\t<div class=\"elementor-container elementor-column-gap-default\">\n\t\t\t\t\t<div class=\"elementor-column elementor-col-100 elementor-top-column elementor-element elementor-element-544205ce\" data-id=\"544205ce\" data-element_type=\"column\">\n\t\t\t<div class=\"elementor-widget-wrap elementor-element-populated\">\n\t\t\t\t\t\t<div class=\"elementor-element elementor-element-6273e95a elementor-widget elementor-widget-text-editor\" data-id=\"6273e95a\" data-element_type=\"widget\" data-widget_type=\"text-editor.default\">\n\t\t\t\t<div class=\"elementor-widget-container\">\n\t\t\t\t\t\t\t\t\t<p><\/p>\n<h2 class=\"wp-block-heading\">\u00dcber uns<\/h2>\n<p><\/p>\n<p>Das Generationenzentrum in der Milbertshofenerstra\u00dfe und der Kindergarten Mini-Timmi bilden gemeinsam den Verein Generationenzentrum e.V. Dieser ist Mitglied im parit\u00e4tischen Wohlfahrtsverband und anerkannter Tr\u00e4ger der Jugendhilfe.<\/p>\n<h3 style=\"background-color: #ffffff;\">Susanne \u2013 Kindergartenleitung \/ Vertretung der Gesch\u00e4ftsf\u00fchrung \/ Erzieherin der \u201eWeltentdecker\u201c<\/h3>\n<figure style=\"background-color: #ffffff;\"><\/figure>\n<p><\/p>\n<p><\/p>\n<figure><\/figure>\n<p><\/p>\n<h3 class=\"wp-block-heading\">Katrin \u2013 Stellvertretende Leitung\/Erzieherin der \u201eSchatzsucher\u201c<\/h3>\n<p><\/p>\n<h3>Sarah \u2013 Erzieherin der &#8222;Schatzsucher&#8220;<\/h3>\n<p><\/p>\n<p><\/p>\n<h3 class=\"wp-block-heading\">Lina \u2013 Gruppenleitung der &#8222;Perlentaucher&#8220;<\/h3>\n\n<h3>Heike \u2013 Kinderpflegerin der &#8222;Perlentaucher&#8220;<\/h3>\n<p><\/p>\n<h3>Vanessa \u2013 Gruppenleitung der &#8222;Weltentdecker&#8220;<\/h3>\n\n<p><\/p>\n<p><\/p>\n<p><\/p>\n<h3>Liliana \u2013 Sozialp\u00e4dagogin der &#8222;Weltentdecker&#8220;<\/h3>\n<p><\/p>\n<h3>Lisa &#8211; Kinderpflegerin der &#8222;Weltentdecker<\/h3>\n<h3>Helen \u2013 Essen und K\u00fcchenverwaltung \/ Unterst\u00fctzung der Fachkr\u00e4fte der &#8222;Schatzsucher&#8220;<\/h3>\n<p><\/p>\n<p><\/p>\n<h3 class=\"wp-block-heading\">Bernadette \u2013 Buchhalterin des Kindergartens<\/h3>\n<p><\/p>\n<p><\/p>\n<h3 class=\"wp-block-heading\">Salvatore \u2013 Vorstandsvorsitzender und Gesch\u00e4ftsf\u00fchrer<\/h3>\n<p><\/p>\n<p><\/p>\n<h3 class=\"wp-block-heading\">Matthias, Christof, Ruth \u2013 weitere Vorstandsmitglieder<\/h3>\n<p><\/p>\n<p style=\"color: #222222; font-family: Arial, Helvetica, sans-serif; font-size: small; background-color: #ffffff; margin-left: 72pt;\">\n<\/p><p><\/p>\t\t\t\t\t\t\t\t<\/div>\n\t\t\t\t<\/div>\n\t\t\t\t\t<\/div>\n\t\t<\/div>\n\t\t\t\t\t<\/div>\n\t\t<\/section>\n\t\t\t\t<\/div>\n\t\t","protected":false},"excerpt":{"rendered":"<p>\u00dcber uns Das Generationenzentrum in der Milbertshofenerstra\u00dfe und der Kindergarten Mini-Timmi bilden gemeinsam den Verein Generationenzentrum e.V. Dieser ist Mitglied im parit\u00e4tischen Wohlfahrtsverband und anerkannter Tr\u00e4ger der Jugendhilfe. Susanne \u2013 Kindergartenleitung \/ Vertretung der Gesch\u00e4ftsf\u00fchrung \/ Erzieherin der \u201eWeltentdecker\u201c Katrin \u2013 Stellvertretende Leitung\/Erzieherin der \u201eSchatzsucher\u201c Sarah \u2013 Erzieherin der &#8222;Schatzsucher&#8220; Lina \u2013 Gruppenleitung der &#8222;Perlentaucher&#8220;&#8230;<\/p>\n","protected":false},"author":1,"featured_media":0,"parent":0,"menu_order":0,"comment_status":"closed","ping_status":"closed","template":"","meta":{"footnotes":""},"class_list":["post-15072","page","type-page","status-publish","hentry"],"_links":{"self":[{"href":"https:\/\/www.mini-timmi.de\/mini-timmi\/wp-json\/wp\/v2\/pages\/15072","targetHints":{"allow":["GET"]}}],"collection":[{"href":"https:\/\/www.mini-timmi.de\/mini-timmi\/wp-json\/wp\/v2\/pages"}],"about":[{"href":"https:\/\/www.mini-timmi.de\/mini-timmi\/wp-json\/wp\/v2\/types\/page"}],"author":[{"embeddable":true,"href":"https:\/\/www.mini-timmi.de\/mini-timmi\/wp-json\/wp\/v2\/users\/1"}],"replies":[{"embeddable":true,"href":"https:\/\/www.mini-timmi.de\/mini-timmi\/wp-json\/wp\/v2\/comments?post=15072"}],"version-history":[{"count":16,"href":"https:\/\/www.mini-timmi.de\/mini-timmi\/wp-json\/wp\/v2\/pages\/15072\/revisions"}],"predecessor-version":[{"id":15585,"href":"https:\/\/www.mini-timmi.de\/mini-timmi\/wp-json\/wp\/v2\/pages\/15072\/revisions\/15585"}],"wp:attachment":[{"href":"https:\/\/www.mini-timmi.de\/mini-timmi\/wp-json\/wp\/v2\/media?parent=15072"}],"curies":[{"name":"wp","href":"https:\/\/api.w.org\/{rel}","templated":true}]}}