{"id":15074,"date":"2020-01-16T13:48:25","date_gmt":"2020-01-16T13:48:25","guid":{"rendered":"http:\/\/www.mini-timmi.de\/mini-timmi\/?page_id=15074"},"modified":"2024-11-12T12:40:31","modified_gmt":"2024-11-12T12:40:31","slug":"gruppen","status":"publish","type":"page","link":"https:\/\/www.mini-timmi.de\/mini-timmi\/gruppen\/","title":{"rendered":"Gruppen"},"content":{"rendered":"\n<h2 class=\"wp-block-heading\">Gruppen<\/h2>\n\n\n\n<p><strong>Unsere <br>Einrichtung umfasst derzeit drei Gruppen mit 60 Kindern in einem Alter von <strong>2 \u00bd\u00a0<strong>\u00a0Jahren bis zum Schuleintritt.<\/strong><\/strong><\/strong><\/p>\n\n\n\n<p>Unsere Kinder werden in den Kernzeiten in drei Gruppen betreut und gef\u00f6rdert; der &#8222;Weltentdecker-&#8222;, der &#8222;Schatzsucher-&#8220; und der &#8222;Perlentaucher-&#8220; Gruppe. In allen Gruppen wird verst\u00e4rkt auf die F\u00f6rderung der Kinder in allen Bereichen eingegangen. Die t\u00e4gliche Vorschularbeit kommt bei Gro\u00dfen besonders gerne an. Auch die Mittelkinder und Kleinen haben ihre eigenen F\u00f6rderbereiche und zudem d\u00fcrfen alle Kinder selbstbestimmt Angebote w\u00e4hlen, die ihnen Freude bereiten. Die Einarbeitung in unterschiedliche Themenbereiche (Feuerwehr, Jahreszeiten,\u2026) macht den Kindern, aber auch den Mitarbeitern besonders viel Spa\u00df. <\/p>\n\n\n\n<p>Alle Gruppen arbeiten teilweise mit unterschiedlichen Materialien, um die Kinder optimal zu f\u00f6rdern. Beide Gruppen verf\u00fcgen \u00fcber Puppen- und Bauecke, einen separaten Bastelbereich, sowie eine Leseecke. Am Brotzeittisch haben die Kinder die M\u00f6glichkeit sich zwischendrin zu st\u00e4rken. Im Bewegungsraum k\u00f6nnen die Kinder gruppen\u00fcbergreifend ihrem Bewegungsbed\u00fcrfnis nachgehen, ihre motorischen F\u00e4higkeiten ausbauen und k\u00f6rperliche Grenzen austesten. Gro\u00dfbausteine, Rutsche, Trampolin, gro\u00dfer Kreisel, Rollbretter und vieles mehr bieten unterschiedliche Spielm\u00f6glichkeiten, die auch besonders gerne genutzt werden.<\/p>\n\n\n\n<p>Da die Gruppen zeitweise gemeinsam betreut werden, bzw. die Kinder auch die M\u00f6glichkeit haben die andere Gruppe zu besuchen, lernen die Kinder auch die Betreuer und Kinder der jeweils anderen Gruppen kennen und k\u00f6nnen deren Spiele ausprobieren.<\/p>\n","protected":false},"excerpt":{"rendered":"<p>Gruppen Unsere Einrichtung umfasst derzeit drei Gruppen mit 60 Kindern in einem Alter von 2 \u00bd\u00a0\u00a0Jahren bis zum Schuleintritt. Unsere Kinder werden in den Kernzeiten in drei Gruppen betreut und gef\u00f6rdert; der &#8222;Weltentdecker-&#8222;, der &#8222;Schatzsucher-&#8220; und der &#8222;Perlentaucher-&#8220; Gruppe. In allen Gruppen wird verst\u00e4rkt auf die F\u00f6rderung der Kinder in allen Bereichen eingegangen. Die t\u00e4gliche&#8230;<\/p>\n","protected":false},"author":1,"featured_media":0,"parent":0,"menu_order":0,"comment_status":"closed","ping_status":"closed","template":"","meta":{"footnotes":""},"class_list":["post-15074","page","type-page","status-publish","hentry"],"_links":{"self":[{"href":"https:\/\/www.mini-timmi.de\/mini-timmi\/wp-json\/wp\/v2\/pages\/15074","targetHints":{"allow":["GET"]}}],"collection":[{"href":"https:\/\/www.mini-timmi.de\/mini-timmi\/wp-json\/wp\/v2\/pages"}],"about":[{"href":"https:\/\/www.mini-timmi.de\/mini-timmi\/wp-json\/wp\/v2\/types\/page"}],"author":[{"embeddable":true,"href":"https:\/\/www.mini-timmi.de\/mini-timmi\/wp-json\/wp\/v2\/users\/1"}],"replies":[{"embeddable":true,"href":"https:\/\/www.mini-timmi.de\/mini-timmi\/wp-json\/wp\/v2\/comments?post=15074"}],"version-history":[{"count":4,"href":"https:\/\/www.mini-timmi.de\/mini-timmi\/wp-json\/wp\/v2\/pages\/15074\/revisions"}],"predecessor-version":[{"id":15567,"href":"https:\/\/www.mini-timmi.de\/mini-timmi\/wp-json\/wp\/v2\/pages\/15074\/revisions\/15567"}],"wp:attachment":[{"href":"https:\/\/www.mini-timmi.de\/mini-timmi\/wp-json\/wp\/v2\/media?parent=15074"}],"curies":[{"name":"wp","href":"https:\/\/api.w.org\/{rel}","templated":true}]}}