{"id":15076,"date":"2020-01-16T13:48:25","date_gmt":"2020-01-16T13:48:25","guid":{"rendered":"http:\/\/www.mini-timmi.de\/mini-timmi\/?page_id=15076"},"modified":"2024-11-15T14:58:15","modified_gmt":"2024-11-15T14:58:15","slug":"teamfortbildungen","status":"publish","type":"page","link":"https:\/\/www.mini-timmi.de\/mini-timmi\/teamfortbildungen\/","title":{"rendered":"Teamfortbildungen"},"content":{"rendered":"\t\t<div data-elementor-type=\"wp-page\" data-elementor-id=\"15076\" class=\"elementor elementor-15076\">\n\t\t\t\t\t\t<section class=\"elementor-section elementor-top-section elementor-element elementor-element-76ff0fe elementor-section-boxed elementor-section-height-default elementor-section-height-default\" data-id=\"76ff0fe\" data-element_type=\"section\">\n\t\t\t\t\t\t<div class=\"elementor-container elementor-column-gap-default\">\n\t\t\t\t\t<div class=\"elementor-column elementor-col-100 elementor-top-column elementor-element elementor-element-5498cbb5\" data-id=\"5498cbb5\" data-element_type=\"column\">\n\t\t\t<div class=\"elementor-widget-wrap elementor-element-populated\">\n\t\t\t\t\t\t<div class=\"elementor-element elementor-element-26c32173 elementor-widget elementor-widget-text-editor\" data-id=\"26c32173\" data-element_type=\"widget\" data-widget_type=\"text-editor.default\">\n\t\t\t\t<div class=\"elementor-widget-container\">\n\t\t\t\t\t\t\t\t\t<p><\/p>\n<p><strong>2009<br \/><\/strong>Mut zur Reife<br \/>Dunamis (Transformed Mind)<br \/>PeP4 Kids<\/p>\n<p><\/p>\n<p><\/p>\n<p><\/p>\n<p><\/p>\n<p><strong>2010<br \/><\/strong>Burnout-Pr\u00e4vention<br \/>Buchhaltung<\/p>\n<p><\/p>\n<p><\/p>\n<p><\/p>\n<p><\/p>\n<p><strong>2011<br \/><\/strong>Familientherapie\/Familienberatung<br \/>Betriebswirtschaft<br \/>Bio im Kindergarten-so gelingt\u00b4s<\/p>\n<p><\/p>\n<p><\/p>\n<p><\/p>\n<p><\/p>\n<p><strong>2012<br \/><\/strong>Recht, Finanzwesen im Kiga<br \/>Verwaltung Kiga<br \/>B\u00fcroorganisation<\/p>\n<p><\/p>\n<p><\/p>\n<p><\/p>\n<p><\/p>\n<p><strong>2014<br \/><\/strong>Erziehungsberatung<br \/>Supervision<br \/>Buchhaltung<br \/>&#8222;Safe&#8220; Mentorin Trainer<\/p>\n<p><\/p>\n<p><\/p>\n<p><\/p>\n<p><\/p>\n<p><strong>2015<br \/><\/strong>Buchhaltung<br \/>Jungen in der Kiga und Hort<br \/>Enuresis\/Enkopresis<br \/>Teambuilding\/DISG<br \/>ADHS Problematik\/Hintergr\u00fcnde<br \/>Essen und Essst\u00f6rung\/Ursachen<\/p>\n<p><\/p>\n<p><\/p>\n<p><\/p>\n<p><\/p>\n<p><strong>2016<\/strong><br \/>Trauma \u00fcberwinden<br \/>Interkulturelle P\u00e4dagogik<br \/>Supervision<\/p>\n<p><\/p>\n<p><\/p>\n<p><strong>2017<\/strong><br \/>Interkulturelle P\u00e4dagogik II<br \/>Vergebungskultur im beruflichen Arbeitsfeld<br \/>Kommunikation: \u201eDas vier Ohren\u201c Modell.<\/p>\n<p><\/p>\n<p><\/p>\n<p><strong>2018<\/strong><br \/>Fr\u00fchp\u00e4dagogik Aktuell<br \/>Gender Mainstreaming<br \/>Impulse zum p\u00e4dagogischen Umgang mit Traumafolgen und Trauer<\/p>\n<p><\/p>\n<p><\/p>\n<p><\/p>\n<p><\/p>\n<p><strong>2019 <br \/><\/strong>Umgang mit sexueller Gewalt in Kindertageseinrichtungen (Amyna)<\/p>\n<p><\/p>\n<p><\/p>\n<p><\/p>\n<p><\/p>\n<p><strong>2020 <br \/><\/strong>Mut zur Reife<\/p>\n<p><\/p>\n<p><\/p>\n<p><strong>2022<\/strong><br \/>Building Character &#8211; Building Backbone:\u00a0<br \/>Resilienz<br \/>Stellv. Leitung (IBPro)<\/p>\n<p><strong>2023<br \/><\/strong>Traumberuf Kitaleitung<\/p>\n<p><strong>2024<br \/><\/strong>Erste Hilfekurs<br \/>Kitaleitungs Konferenz<\/p>\n<p><\/p>\t\t\t\t\t\t\t\t<\/div>\n\t\t\t\t<\/div>\n\t\t\t\t\t<\/div>\n\t\t<\/div>\n\t\t\t\t\t<\/div>\n\t\t<\/section>\n\t\t\t\t<\/div>\n\t\t","protected":false},"excerpt":{"rendered":"<p>2009Mut zur ReifeDunamis (Transformed Mind)PeP4 Kids 2010Burnout-Pr\u00e4ventionBuchhaltung 2011Familientherapie\/FamilienberatungBetriebswirtschaftBio im Kindergarten-so gelingt\u00b4s 2012Recht, Finanzwesen im KigaVerwaltung KigaB\u00fcroorganisation 2014ErziehungsberatungSupervisionBuchhaltung&#8222;Safe&#8220; Mentorin Trainer 2015BuchhaltungJungen in der Kiga und HortEnuresis\/EnkopresisTeambuilding\/DISGADHS Problematik\/Hintergr\u00fcndeEssen und Essst\u00f6rung\/Ursachen 2016Trauma \u00fcberwindenInterkulturelle P\u00e4dagogikSupervision 2017Interkulturelle P\u00e4dagogik IIVergebungskultur im beruflichen ArbeitsfeldKommunikation: \u201eDas vier Ohren\u201c Modell. 2018Fr\u00fchp\u00e4dagogik AktuellGender MainstreamingImpulse zum p\u00e4dagogischen Umgang mit Traumafolgen und Trauer 2019 Umgang mit sexueller&#8230;<\/p>\n","protected":false},"author":1,"featured_media":0,"parent":0,"menu_order":0,"comment_status":"closed","ping_status":"closed","template":"","meta":{"footnotes":""},"class_list":["post-15076","page","type-page","status-publish","hentry"],"_links":{"self":[{"href":"https:\/\/www.mini-timmi.de\/mini-timmi\/wp-json\/wp\/v2\/pages\/15076","targetHints":{"allow":["GET"]}}],"collection":[{"href":"https:\/\/www.mini-timmi.de\/mini-timmi\/wp-json\/wp\/v2\/pages"}],"about":[{"href":"https:\/\/www.mini-timmi.de\/mini-timmi\/wp-json\/wp\/v2\/types\/page"}],"author":[{"embeddable":true,"href":"https:\/\/www.mini-timmi.de\/mini-timmi\/wp-json\/wp\/v2\/users\/1"}],"replies":[{"embeddable":true,"href":"https:\/\/www.mini-timmi.de\/mini-timmi\/wp-json\/wp\/v2\/comments?post=15076"}],"version-history":[{"count":14,"href":"https:\/\/www.mini-timmi.de\/mini-timmi\/wp-json\/wp\/v2\/pages\/15076\/revisions"}],"predecessor-version":[{"id":15589,"href":"https:\/\/www.mini-timmi.de\/mini-timmi\/wp-json\/wp\/v2\/pages\/15076\/revisions\/15589"}],"wp:attachment":[{"href":"https:\/\/www.mini-timmi.de\/mini-timmi\/wp-json\/wp\/v2\/media?parent=15076"}],"curies":[{"name":"wp","href":"https:\/\/api.w.org\/{rel}","templated":true}]}}