{"id":15079,"date":"2020-01-16T13:48:25","date_gmt":"2020-01-16T13:48:25","guid":{"rendered":"http:\/\/www.mini-timmi.de\/mini-timmi\/?page_id=15079"},"modified":"2020-02-04T15:58:00","modified_gmt":"2020-02-04T15:58:00","slug":"spenden","status":"publish","type":"page","link":"https:\/\/www.mini-timmi.de\/mini-timmi\/spenden\/","title":{"rendered":"Spenden"},"content":{"rendered":"<div id=\"cmsmasters_row_\" class=\"cmsmasters_row cmsmasters_color_scheme_default cmsmasters_row_top_default cmsmasters_row_bot_default cmsmasters_row_boxed\">\n<div class=\"cmsmasters_row_outer_parent\">\n<div class=\"cmsmasters_row_outer\">\n<div class=\"cmsmasters_row_inner\">\n<div class=\"cmsmasters_row_margin\">\n<div id=\"cmsmasters_column_\" class=\"cmsmasters_column one_first\">\n<div class=\"cmsmasters_column_inner\"><div class=\"cmsmasters_text\">\n<h2> Spenden<\/h2>\n<p>an das Generationenzentrum e.V. sind als Sonderausgaben absetzbar.<\/p>\n<\/p>\n<p>Als unabh\u00e4ngige gemeinn\u00fctzige und mildt\u00e4tige Einrichtung freuen wir uns auf Ihre Unterst\u00fctzung. Insbesondere der weitere Ausbau der Betreuungsangebote, aber auch die dauerhafte Sicherstellung des moderaten Beitragsniveaus, ist nur mit Spendengeldern zu bewerkstelligen.<\/p>\n<\/p>\n<p>Wie k\u00f6nnen Sie uns unterst\u00fctzen?<\/p>\n<\/p>\n<ul class=\"wp-block-list\">\n<li>Ihre Sachspenden dienen zur Vervollkommnung der Einrichtung oder zur Renovierung der bestehenden R\u00e4umlichkeiten;<\/li>\n<li>Ihre Geldspenden tragen dazu bei, dass unser Angebot f\u00fcr M\u00fcnchner Kinder weiter bestehen und in naher Zukunft ausgebaut werden kann.<\/li>\n<\/ul>\n<p>Sowohl f\u00fcr Sach- als auch f\u00fcr Geldspenden stellen wir Ihnen gerne eine abzugsf\u00e4hige Spendenbescheinigung aus. Das Generationenzentrum e.V. ist wegen F\u00f6rderung gemeinn\u00fctziger und mildt\u00e4tiger Zwecke durch das Finanzamt M\u00fcnchen f\u00fcr K\u00f6rperschaften als gemeinn\u00fctzig und mildt\u00e4tig anerkannt.<\/p>\n<\/p>\n<p>Wenn Sie unsere Arbeit durch steuerbeg\u00fcnstigte Spenden gegen Spendenquittung unterst\u00fctzen wollen, bitten wir Sie, diese mit dem Vermerk \u201eSpende\u201c zu versehen und auf unser Spendenkonto bei der Stadtsparkasse M\u00fcnchen (BLZ 701 500 00, Konto 1000 446 425, IBANDE92701500001000446425 BIC SSKMDEMM) zu \u00fcberweisen.<\/p>\n<\/p>\n<p>Wir sind selbst \u00fcberzeugte Spender und erlauben uns aus Dankbarkeit, von allen Geldspenden, die wir selbst erhalten, ca. 10% an andere wesens\u00e4hnliche Organisationen weiter zu geben.<\/p>\n<\/p>\n<p>Damit wir Ihnen zu Beginn des folgenden Kalenderjahres auch wirklich eine Spendenbescheinigung zukommen lassen k\u00f6nnen, bitten wir Sie, auf dem \u00dcberweisungsformular Ihre vollst\u00e4ndige Adresse sowie den Verwendungszweck \u201eSpende\u201c zu vermerken.<\/p>\n<\/p>\n<p>F\u00fcr Ihre freundliche Unterst\u00fctzung bedanken wir uns bereits im voraus.<\/p>\n<\/p>\n<h3 class=\"wp-block-heading\">Allgemeiner Hinweis:<\/h3>\n<p>Aufwendungen f\u00fcr spendenbeg\u00fcnstigte Zwecke k\u00f6nnen bis zu einem vom Gesetzgeber vorgegebenem Umfang steuerlich geltend gemacht werden: Dieser umfasst bei Privatpersonen bis 20% des Gesamtbetrags Ihrer Eink\u00fcnfte. F\u00fcr Firmen gelten 4% der Summe aus Umsatz und Personalkosten.<\/p>\n<\/p>\n<p>Seit 1.1.2007 gilt ein zeitlich unbegrenzter Spendenvortrag. Dort werden sie dann jeweils bis zum H\u00f6chstbetrag ber\u00fccksichtigt.<\/p>\n<\/p>\n<p>Kleinspenden bis zu 200 Euro d\u00fcrfen seit 2007 auch ohne Spendenbescheinigung als Sonderausgaben abgezogen werden. Als Nachweis f\u00fcr die Spende gilt der \u00dcberweisungsbeleg.<\/p>\n<\/p>\n<p>Bitte haben Sie Verst\u00e4ndnis daf\u00fcr, dass das Generationenzentrum e.V. f\u00fcr eine Spende nur dann eine Zuwendungsbescheinigung ausstellen darf, wenn der Verein f\u00fcr die geleistete Spende keine Gegenleistung (z. B. in Form von werbewirksamen Hinweisen auf das Unternehmen oder die Produkte des Spenders oder die Nutzung des Vereinsnamens oder -logos durch den Spender) erbringt.<\/p>\n<\/p>\n<\/div>\n<\/div><\/div>\n<\/div>\n<\/div>\n<\/div>\n<\/div>\n<\/div>\n","protected":false},"excerpt":{"rendered":"","protected":false},"author":1,"featured_media":0,"parent":0,"menu_order":0,"comment_status":"closed","ping_status":"closed","template":"","meta":{"footnotes":""},"class_list":["post-15079","page","type-page","status-publish","hentry"],"_links":{"self":[{"href":"https:\/\/www.mini-timmi.de\/mini-timmi\/wp-json\/wp\/v2\/pages\/15079","targetHints":{"allow":["GET"]}}],"collection":[{"href":"https:\/\/www.mini-timmi.de\/mini-timmi\/wp-json\/wp\/v2\/pages"}],"about":[{"href":"https:\/\/www.mini-timmi.de\/mini-timmi\/wp-json\/wp\/v2\/types\/page"}],"author":[{"embeddable":true,"href":"https:\/\/www.mini-timmi.de\/mini-timmi\/wp-json\/wp\/v2\/users\/1"}],"replies":[{"embeddable":true,"href":"https:\/\/www.mini-timmi.de\/mini-timmi\/wp-json\/wp\/v2\/comments?post=15079"}],"version-history":[{"count":3,"href":"https:\/\/www.mini-timmi.de\/mini-timmi\/wp-json\/wp\/v2\/pages\/15079\/revisions"}],"predecessor-version":[{"id":15217,"href":"https:\/\/www.mini-timmi.de\/mini-timmi\/wp-json\/wp\/v2\/pages\/15079\/revisions\/15217"}],"wp:attachment":[{"href":"https:\/\/www.mini-timmi.de\/mini-timmi\/wp-json\/wp\/v2\/media?parent=15079"}],"curies":[{"name":"wp","href":"https:\/\/api.w.org\/{rel}","templated":true}]}}