{"id":15495,"date":"2023-09-30T16:09:24","date_gmt":"2023-09-30T16:09:24","guid":{"rendered":"https:\/\/www.mini-timmi.de\/mini-timmi\/?page_id=15495"},"modified":"2024-11-11T14:01:38","modified_gmt":"2024-11-11T14:01:38","slug":"spendenaufruf","status":"publish","type":"page","link":"https:\/\/www.mini-timmi.de\/mini-timmi\/spendenaufruf\/","title":{"rendered":"Spendenaufruf"},"content":{"rendered":"\n<p>Sehr geehrte Damen und Herren,<\/p>\n\n\n\n<p><br>d\u00fcrfen wir uns Ihnen vorstellen? Wir sind ein privater, dreigruppiger Kindergarten im M\u00fcnchner Norden, <br>der von der Stadt M\u00fcnchen gef\u00f6rdert wird. Der Tr\u00e4gerverein ist als gemeinn\u00fctzig und mildt\u00e4tig anerkannt <br>und stellt auf Wunsch eine Spendenquittung aus. Derzeit betreuen wir ca. 60 Kinder im Alter von<br>2,5  Jahren bis Schuleintritt.<br><\/p>\n\n\n\n<p>Nun stehen uns gro\u00dfe Ver\u00e4nderungen bevor. Wegen Umbaus unseres derzeitigen Standorts<br>m\u00fcssen wir leider unsere gewohnte Umgebung verlassen. Wir sind aber sehr dankbar, in der<br>N\u00e4he geeignete R\u00e4umlichkeiten gefunden zu haben. Diese erlauben uns erfreulicherweise<br>f\u00fcr die dritte Gruppe noch weitere 15 Kinder aufzunehmen. Auch<br>wenn wir nun einigen Herausforderungen gegen\u00fcberstehen, sind wir guten Mutes, \u201eunseren\u201c<br>Kindern mit vereinten Kr\u00e4ften zeitnah ein neues Kita-Zuhause geben zu k\u00f6nnen &#8211; einen Ort, an<br>dem sie sich sicher, wohl und wertgesch\u00e4tzt f\u00fchlen, einen Ort, an dem sie F\u00f6rderung und<br>Anregungen finden. In diesen Zeiten mangelnder Kindergartenpl\u00e4tze weitere Pl\u00e4tze anbieten zu<br>k\u00f6nnen, begreifen wir als gro\u00dfe Chance!<\/p>\n\n\n\n<p><br>Wir alle, das Kindergarten-Team wie auch die Eltern unserer Kinder, versuchen unser Bestes,<br>den finanziellen Belangen f\u00fcr dieses gro\u00dfe Vorhaben gerecht zu werden. Die notwenigen<br>Umzugs-, Bau- und Renovierungskosten werden zum Teil von unseren Ersparnissen getragen,<br>doch dazu kommen noch die zus\u00e4tzlichen Anschaffungen \u2013 zusammen eine gro\u00dfe finanzielle<br>Belastung f\u00fcr uns.<\/p>\n\n\n\n<p><br>Unterst\u00fctzerInnen und F\u00f6rderInnen f\u00fcr diese zugleich herausfordernde, aber auch in jeder<br>Hinsicht lohnende Aufgabe zu finden, w\u00fcrde uns gro\u00dfe Erleichterung und Entlastung bringen<br>und sind der Grund, aus welchem wir uns mit diesem Schreiben an Sie wenden. Zu Ihrer<br>Einsch\u00e4tzung folgend ein Auszug der Anschaffungskosten, die auf uns zukommen:<br>Die Erstausstattung der dritten Gruppe sowie der kleinen Spielwiese belaufen sich auf ca.<br>40.000 Euro, f\u00fcr die K\u00fcche wird mit ca. 20.000 Euro gerechnet.<br>Auf unsere Website finden Sie eine Auflistung der ben\u00f6tigten Dinge &#8211; so haben Sie konkret vor<br>Augen, was Ihre Spende bewirkt! Jeder Beitrag, ob kleiner oder gr\u00f6\u00dfer, unterst\u00fctzt uns sehr!<br>(Bankverbindung s.u.) <\/p>\n\n\n\n<p>Neuanschaffungen: <a href=\"https:\/\/www.mini-timmi.de\/mini-timmi\/wp-content\/uploads\/2023\/09\/Auflistung-Website-Nice-to-have-Komplet.pdf\">PDF 1<\/a> und <a href=\"https:\/\/www.mini-timmi.de\/mini-timmi\/wp-content\/uploads\/2023\/09\/Auflistung-fur-Website-must-haves-Komplet.pdf\">PDF 2<\/a><\/p>\n\n\n\n<p><br>Es bleibt, uns herzlich f\u00fcr Ihre Aufmerksamkeit und Ihr Wohlwollen zu bedanken und Ihnen<br>liebe Gr\u00fc\u00dfe aus unserem Kindergarten Mini-Timmi zu schicken!<\/p>\n\n\n\n<p><br>Ihr Mini-Timmi-Team mit allen kleinen und gro\u00dfen BesucherInnen!<\/p>\n","protected":false},"excerpt":{"rendered":"<p>Sehr geehrte Damen und Herren, d\u00fcrfen wir uns Ihnen vorstellen? Wir sind ein privater, dreigruppiger Kindergarten im M\u00fcnchner Norden, der von der Stadt M\u00fcnchen gef\u00f6rdert wird. Der Tr\u00e4gerverein ist als gemeinn\u00fctzig und mildt\u00e4tig anerkannt und stellt auf Wunsch eine Spendenquittung aus. Derzeit betreuen wir ca. 60 Kinder im Alter von2,5 Jahren bis Schuleintritt. Nun stehen&#8230;<\/p>\n","protected":false},"author":1,"featured_media":0,"parent":0,"menu_order":0,"comment_status":"closed","ping_status":"closed","template":"","meta":{"footnotes":""},"class_list":["post-15495","page","type-page","status-publish","hentry"],"_links":{"self":[{"href":"https:\/\/www.mini-timmi.de\/mini-timmi\/wp-json\/wp\/v2\/pages\/15495","targetHints":{"allow":["GET"]}}],"collection":[{"href":"https:\/\/www.mini-timmi.de\/mini-timmi\/wp-json\/wp\/v2\/pages"}],"about":[{"href":"https:\/\/www.mini-timmi.de\/mini-timmi\/wp-json\/wp\/v2\/types\/page"}],"author":[{"embeddable":true,"href":"https:\/\/www.mini-timmi.de\/mini-timmi\/wp-json\/wp\/v2\/users\/1"}],"replies":[{"embeddable":true,"href":"https:\/\/www.mini-timmi.de\/mini-timmi\/wp-json\/wp\/v2\/comments?post=15495"}],"version-history":[{"count":6,"href":"https:\/\/www.mini-timmi.de\/mini-timmi\/wp-json\/wp\/v2\/pages\/15495\/revisions"}],"predecessor-version":[{"id":15562,"href":"https:\/\/www.mini-timmi.de\/mini-timmi\/wp-json\/wp\/v2\/pages\/15495\/revisions\/15562"}],"wp:attachment":[{"href":"https:\/\/www.mini-timmi.de\/mini-timmi\/wp-json\/wp\/v2\/media?parent=15495"}],"curies":[{"name":"wp","href":"https:\/\/api.w.org\/{rel}","templated":true}]}}