{"id":23,"date":"2019-07-31T17:58:20","date_gmt":"2019-07-31T17:58:20","guid":{"rendered":"http:\/\/localhost\/wordpress\/?page_id=23"},"modified":"2025-05-25T16:09:54","modified_gmt":"2025-05-25T16:09:54","slug":"anmeldung","status":"publish","type":"page","link":"https:\/\/www.mini-timmi.de\/mini-timmi\/anmeldung\/","title":{"rendered":"Anfrage"},"content":{"rendered":"\t\t<div data-elementor-type=\"wp-page\" data-elementor-id=\"23\" class=\"elementor elementor-23\">\n\t\t\t\t\t\t<section class=\"elementor-section elementor-top-section elementor-element elementor-element-a726ec0 elementor-section-boxed elementor-section-height-default elementor-section-height-default\" data-id=\"a726ec0\" data-element_type=\"section\">\n\t\t\t\t\t\t<div class=\"elementor-container elementor-column-gap-default\">\n\t\t\t\t\t<div class=\"elementor-column elementor-col-100 elementor-top-column elementor-element elementor-element-73559d3f\" data-id=\"73559d3f\" data-element_type=\"column\">\n\t\t\t<div class=\"elementor-widget-wrap elementor-element-populated\">\n\t\t\t\t\t\t<div class=\"elementor-element elementor-element-4929c18c elementor-widget elementor-widget-text-editor\" data-id=\"4929c18c\" data-element_type=\"widget\" data-widget_type=\"text-editor.default\">\n\t\t\t\t<div class=\"elementor-widget-container\">\n\t\t\t\t\t\t\t\t\t<p><div id=\"cmsmasters_row_7ejmvkm19b\" class=\"cmsmasters_row cmsmasters_color_scheme_default cmsmasters_row_top_default cmsmasters_row_bot_default cmsmasters_row_boxed\">\n<div class=\"cmsmasters_row_outer_parent\">\n<div class=\"cmsmasters_row_outer\">\n<div class=\"cmsmasters_row_inner\">\n<div class=\"cmsmasters_row_margin\">\n<div id=\"cmsmasters_column_zrywmoudq\" class=\"cmsmasters_column one_first\">\n<div class=\"cmsmasters_column_inner\"><div id=\"cmsmasters_heading_720yvtdl2n\" class=\"cmsmasters_heading_wrap cmsmasters_heading_align_center\">\n\t<h2 class=\"cmsmasters_heading\">Anfrage f\u00fcr den Kindergarten Mini-Timmi<\/h2>\n<\/div><div class=\"cmsmasters_text\" data-animation=\"fadeIn\" data-delay=\"0\">\n<p>Aktueller Hinweis: Im Fr\u00fchjahr 2025 konnten wir unsere Platzanzahl erh\u00f6hen, daher haben wir aktuell noch freie Pl\u00e4tze ab sofort!<\/p>\n<div>\n<div>\n<div>\n<div>\n<div>\n<div>\n<p><img fetchpriority=\"high\" decoding=\"async\" src=\"http:\/\/www.mini-timmi.de\/mini-timmi\/wp-content\/uploads\/2019\/12\/shutterstock_451788589-1024x322.jpg\" alt=\"\" width=\"1024\" height=\"322\"><\/p>\n<h2 id=\"tablepress-1-name\" class=\"tablepress-table-name tablepress-table-name-id-1\">Kindergartengeb\u00fchren (ab 1.9.2025)<\/h2>\n\n<table id=\"tablepress-1\" class=\"tablepress tablepress-id-1\" aria-labelledby=\"tablepress-1-name\">\n<thead>\n<tr class=\"row-1\">\n\t<th class=\"column-1\">Buchungsstunden<\/th><th class=\"column-2\">Kinder unter 3 Jahren<\/th><th class=\"column-3\">Kinder 3 Jahre und \u00e4lter<\/th>\n<\/tr>\n<\/thead>\n<tbody class=\"row-striping row-hover\">\n<tr class=\"row-2\">\n\t<td class=\"column-1\">3-4<\/td><td class=\"column-2\">452 \u20ac<\/td><td class=\"column-3\">326 \u20ac<\/td>\n<\/tr>\n<tr class=\"row-3\">\n\t<td class=\"column-1\">4-5<\/td><td class=\"column-2\">498 \u20ac<\/td><td class=\"column-3\">362 \u20ac<\/td>\n<\/tr>\n<tr class=\"row-4\">\n\t<td class=\"column-1\">5-6<\/td><td class=\"column-2\">548 \u20ac<\/td><td class=\"column-3\">399 \u20ac<\/td>\n<\/tr>\n<tr class=\"row-5\">\n\t<td class=\"column-1\">6-7<\/td><td class=\"column-2\">604 \u20ac<\/td><td class=\"column-3\">440 \u20ac<\/td>\n<\/tr>\n<tr class=\"row-6\">\n\t<td class=\"column-1\">7-8<\/td><td class=\"column-2\">655 \u20ac<\/td><td class=\"column-3\">484 \u20ac<\/td>\n<\/tr>\n<tr class=\"row-7\">\n\t<td class=\"column-1\">8-9<\/td><td class=\"column-2\">732 \u20ac<\/td><td class=\"column-3\">534 \u20ac<\/td>\n<\/tr>\n<\/tbody>\n<\/table>\n<!-- #tablepress-1 from cache --><\/p>\n<p>Hinweise zu den Geb\u00fchren:<\/p>\n<ul>\n<li>Alle Preise inkl. Spielgeld und F\u00f6rderkurs.<\/li>\n<li>Material f\u00fcr Vorschulkinder 40,-\u20ac wird einmalig zus\u00e4tzlich berechnet.<\/li>\n<li>Der Elternbeitrag reduziert sich in der Regel um monatlich 100,-\u20ac, wenn die Voraussetzungen f\u00fcr die Beh\u00f6rde erf\u00fcllt sind.&nbsp;<\/li>\n<li>Zus\u00e4tzlich f\u00e4llt ein Essensgeld in H\u00f6he von 4,28 \u20ac pro Mahlzeit an. Wir das Kind nach 12:45 Uhr abgeholt muss das Essen gebucht werden.&nbsp;<\/li>\n<li>Die Betr\u00e4ge werden j\u00e4hrlich angepasst.<\/li>\n<\/ul>\n<p>Bevor Sie eine Platzanfrage ausf\u00fcllen, lesen sie bitte unsere Kurzkonzeption. Diese erm\u00f6glicht Ihnen sogleich einen wichtigen Einblick in unsere Werte, Buchungsm\u00f6glichkeiten und den monatlichen Beitr\u00e4gen.<\/p>\n<p>Sobald Sie die Kurzkonzeption gelesen haben und Sie unsere Einrichtung gerne ausw\u00e4hlen w\u00fcrden, k\u00f6nnen Sie sich in das online-Anfrage-Formular f\u00fcr einen Kindergartenplatz eintragen. Wir erhalten Ihre Daten und melden uns bei Ihnen, sobald wir Ihnen einen Platz anbieten k\u00f6nnen.<\/p>\n<p>Sollten Sie weiterhin Fragen haben, melden Sie sich bei uns gerne per Telefon oder E-Mail. Haben Sie bitte Geduld, wenn wir nicht im B\u00fcro erreichbar sind. Sprechen Sie aufs Band oder versuchen Sie uns zu einem sp\u00e4teren Zeitpunkt anzurufen. Wir freuen uns auf Ihren Kontakt.<\/p>\n<p><a href=\"http:\/\/www.mini-timmi.de\/mini-timmi\/wp-content\/uploads\/2020\/01\/\u00dcbersicht-2018-02-24-ELTERN.pdf\">Unser Vorgehen zur Platzvergabe<\/a><\/p>\n<\/div>\n<\/div>\n<\/div>\n<\/div>\n<\/div>\n<\/div>\n<\/div>\n<ul id=\"cmsmasters_icon_list_items_01fq29q09n\" class=\"cmsmasters_icon_list_items cmsmasters_icon_list_type_list\" data-animation=\"fadeIn\" data-delay=\"0\"><li id=\"cmsmasters_icon_list_item_l28m7759ar\" class=\"cmsmasters_icon_list_item cmsmasters-icon-phone\">+49 089 69304618<\/li><li id=\"cmsmasters_icon_list_item_n0zc5bdmhg\" class=\"cmsmasters_icon_list_item cmsmasters-icon-mail\">info@mini-timmi.de<\/li><\/ul>\n<\/div><\/div>\n<\/div>\n<\/div>\n<\/div>\n<\/div>\n<\/div>\n<div id=\"cmsmasters_row_l54d3428n5\" class=\"cmsmasters_row cmsmasters_color_scheme_default cmsmasters_row_top_default cmsmasters_row_bot_default cmsmasters_row_boxed\">\n<div class=\"cmsmasters_row_outer_parent\">\n<div class=\"cmsmasters_row_outer\">\n<div class=\"cmsmasters_row_inner\">\n<div class=\"cmsmasters_row_margin\">\n<div id=\"cmsmasters_column_5ugmi1hcr9\" class=\"cmsmasters_column one_first\">\n<div class=\"cmsmasters_column_inner\"><div id=\"cmsmasters_heading_q456l8xz5s\" class=\"cmsmasters_heading_wrap cmsmasters_heading_align_left\" data-animation=\"fadeIn\" data-delay=\"0\">\n\t<h2 class=\"cmsmasters_heading\">Anfrageformular f\u00fcr einen Kita Platz<\/h2>\n<\/div><div class=\"cmsmasters_text\">\n<p style=\"font-weight: 400; text-align: center;\"><strong>&nbsp;<\/strong><\/p>\n<\/div>\n<div class=\"cmsmasters_contact_form\" data-animation=\"fadeIn\" data-delay=\"0\">\n<div class=\"wpcf7 no-js\" id=\"wpcf7-f14680-o1\" lang=\"en-US\" dir=\"ltr\" data-wpcf7-id=\"14680\">\n<div class=\"screen-reader-response\"><p role=\"status\" aria-live=\"polite\" aria-atomic=\"true\"><\/p> <ul><\/ul><\/div>\n<form action=\"\/mini-timmi\/wp-json\/wp\/v2\/pages\/23#wpcf7-f14680-o1\" method=\"post\" class=\"wpcf7-form init\" aria-label=\"Contact form\" novalidate=\"novalidate\" data-status=\"init\">\n<div style=\"display: none;\">\n<input type=\"hidden\" name=\"_wpcf7\" value=\"14680\" \/>\n<input type=\"hidden\" name=\"_wpcf7_version\" value=\"6.0.6\" \/>\n<input type=\"hidden\" name=\"_wpcf7_locale\" value=\"en_US\" \/>\n<input type=\"hidden\" name=\"_wpcf7_unit_tag\" value=\"wpcf7-f14680-o1\" \/>\n<input type=\"hidden\" name=\"_wpcf7_container_post\" value=\"0\" \/>\n<input type=\"hidden\" name=\"_wpcf7_posted_data_hash\" value=\"\" \/>\n<\/div>\n<p><label> Anrede (ben\u00f6tigt)<span class=\"wpcf7-form-control-wrap\" data-name=\"Anrede\"><select class=\"wpcf7-form-control wpcf7-select wpcf7-validates-as-required\" aria-required=\"true\" aria-invalid=\"false\" name=\"Anrede\"><option value=\"Herr\">Herr<\/option><option value=\"Frau\">Frau<\/option><\/select><\/span><\/label><br \/>\n<label> Vorname (ben\u00f6tigt)<span class=\"wpcf7-form-control-wrap\" data-name=\"Vorname\"><input size=\"40\" maxlength=\"400\" class=\"wpcf7-form-control wpcf7-text wpcf7-validates-as-required\" aria-required=\"true\" aria-invalid=\"false\" value=\"\" type=\"text\" name=\"Vorname\" \/><\/span><\/label><br \/>\n<label> Nachname(ben\u00f6tigt)<span class=\"wpcf7-form-control-wrap\" data-name=\"Nachname\"><input size=\"40\" maxlength=\"400\" class=\"wpcf7-form-control wpcf7-text wpcf7-validates-as-required\" aria-required=\"true\" aria-invalid=\"false\" value=\"\" type=\"text\" name=\"Nachname\" \/><\/span><\/label><br \/>\n<label> Strasse(ben\u00f6tigt)<span class=\"wpcf7-form-control-wrap\" data-name=\"Strasse\"><input size=\"40\" maxlength=\"400\" class=\"wpcf7-form-control wpcf7-text wpcf7-validates-as-required\" aria-required=\"true\" aria-invalid=\"false\" value=\"\" type=\"text\" name=\"Strasse\" \/><\/span><\/label><br \/>\n<label> Hausnummer(ben\u00f6tigt)<span class=\"wpcf7-form-control-wrap\" data-name=\"Hausnummer\"><input size=\"40\" maxlength=\"400\" class=\"wpcf7-form-control wpcf7-text wpcf7-validates-as-required\" aria-required=\"true\" aria-invalid=\"false\" value=\"\" type=\"text\" name=\"Hausnummer\" \/><\/span><\/label><br \/>\n<label> Nationalit\u00e4t(ben\u00f6tigt)<span class=\"wpcf7-form-control-wrap\" data-name=\"Nationalitaet\"><input size=\"40\" maxlength=\"400\" class=\"wpcf7-form-control wpcf7-text wpcf7-validates-as-required\" aria-required=\"true\" aria-invalid=\"false\" value=\"\" type=\"text\" name=\"Nationalitaet\" \/><\/span><\/label><br \/>\n<label> PLZ (ben\u00f6tigt)<span class=\"wpcf7-form-control-wrap\" data-name=\"PLZ\"><input class=\"wpcf7-form-control wpcf7-number wpcf7-validates-as-required wpcf7-validates-as-number\" aria-required=\"true\" aria-invalid=\"false\" value=\"\" type=\"number\" name=\"PLZ\" \/><\/span><\/label><br \/>\n<label> Ort(ben\u00f6tigt)<span class=\"wpcf7-form-control-wrap\" data-name=\"Ort\"><input size=\"40\" maxlength=\"400\" class=\"wpcf7-form-control wpcf7-text wpcf7-validates-as-required\" aria-required=\"true\" aria-invalid=\"false\" value=\"\" type=\"text\" name=\"Ort\" \/><\/span><\/label><br \/>\n<label> Telefon(ben\u00f6tigt)<span class=\"wpcf7-form-control-wrap\" data-name=\"Telefon\"><input size=\"40\" maxlength=\"400\" class=\"wpcf7-form-control wpcf7-tel wpcf7-validates-as-required wpcf7-text wpcf7-validates-as-tel\" aria-required=\"true\" aria-invalid=\"false\" value=\"\" type=\"tel\" name=\"Telefon\" \/><\/span><\/label><br \/>\n<label> Email-Adresse(ben\u00f6tigt)<span class=\"wpcf7-form-control-wrap\" data-name=\"EmailAdresse\"><input size=\"40\" maxlength=\"400\" class=\"wpcf7-form-control wpcf7-email wpcf7-validates-as-required wpcf7-text wpcf7-validates-as-email\" aria-required=\"true\" aria-invalid=\"false\" value=\"\" type=\"email\" name=\"EmailAdresse\" \/><\/span><\/label><br \/>\n<label> Heutiges Datum(ben\u00f6tigt)<span class=\"wpcf7-form-control-wrap\" data-name=\"Datum\"><input class=\"wpcf7-form-control wpcf7-date wpcf7-validates-as-required wpcf7-validates-as-date\" aria-required=\"true\" aria-invalid=\"false\" value=\"\" type=\"date\" name=\"Datum\" \/><\/span><\/label><br \/>\n<hr \/>\n<h2>Angaben des Kindes\n<\/h2>\n<p><label> Vorname des Kindes (ben\u00f6tigt)<span class=\"wpcf7-form-control-wrap\" data-name=\"VornamedesKindes\"><input size=\"40\" maxlength=\"400\" class=\"wpcf7-form-control wpcf7-text wpcf7-validates-as-required\" aria-required=\"true\" aria-invalid=\"false\" value=\"\" type=\"text\" name=\"VornamedesKindes\" \/><\/span><\/label><br \/>\n<label> Gewuenschtes Eintrittsjahr(ben\u00f6tigt)<span class=\"wpcf7-form-control-wrap\" data-name=\"GewuenschtesEintrittsjahr\"><input class=\"wpcf7-form-control wpcf7-date wpcf7-validates-as-required wpcf7-validates-as-date\" aria-required=\"true\" aria-invalid=\"false\" value=\"\" type=\"date\" name=\"GewuenschtesEintrittsjahr\" \/><\/span><\/label><br \/>\n<label> Geburtstagsdatum des Kindes(ben\u00f6tigt)<span class=\"wpcf7-form-control-wrap\" data-name=\"GeburtstagdesKindes\"><input class=\"wpcf7-form-control wpcf7-date wpcf7-validates-as-required wpcf7-validates-as-date\" aria-required=\"true\" aria-invalid=\"false\" value=\"\" type=\"date\" name=\"GeburtstagdesKindes\" \/><\/span><\/label><br \/>\n<label> Geschlecht des Kindes <span class=\"wpcf7-form-control-wrap\" data-name=\"Geschlecht\"><select class=\"wpcf7-form-control wpcf7-select wpcf7-validates-as-required\" aria-required=\"true\" aria-invalid=\"false\" name=\"Geschlecht\"><option value=\"M\">M<\/option><option value=\"W\">W<\/option><option value=\"D\">D<\/option><\/select><\/span><\/label>\n<\/p>\n<hr \/>\n<h2>Gew\u00fcnschte Art der Kontaktaufnahme\n<\/h2>\n<p>Wie d\u00fcrfen wir Sie zum Zwecke der Bearbeitung Ihres Anliegens kontaktieren? Mit dem Absenden Ihrer Anfrage erkl\u00e4ren Sie sich damit einverstanden, dass der Kindergarten Mini-Timmi Sie zur Bearbeitung Ihrer Platzanfrage kontaktieren darf.\n<\/p>\n<p><label> Kontaktaufnahme(ben\u00f6tigt) <span class=\"wpcf7-form-control-wrap\" data-name=\"Kontaktaufnahme\"><span class=\"wpcf7-form-control wpcf7-checkbox wpcf7-validates-as-required\"><span class=\"wpcf7-list-item first last\"><input type=\"checkbox\" name=\"Kontaktaufnahme[]\" value=\"per E-Mail\" \/><span class=\"wpcf7-list-item-label\">per E-Mail<\/span><\/span><\/span><\/span> <\/label><br \/>\n<label> <span class=\"wpcf7-form-control-wrap\" data-name=\"Kontaktaufnahme\"><span class=\"wpcf7-form-control wpcf7-checkbox wpcf7-validates-as-required\"><span class=\"wpcf7-list-item first last\"><input type=\"checkbox\" name=\"Kontaktaufnahme[]\" value=\"per Telefon\" \/><span class=\"wpcf7-list-item-label\">per Telefon<\/span><\/span><\/span><\/span> <\/label><br \/>\n<label> Ihr Kommentar <span class=\"wpcf7-form-control-wrap\" data-name=\"IhrKommentar\"><textarea cols=\"40\" rows=\"10\" maxlength=\"2000\" class=\"wpcf7-form-control wpcf7-textarea\" aria-invalid=\"false\" name=\"IhrKommentar\"><\/textarea><\/span><\/label><br \/>\n<hr \/><br \/>\n<label> RichtigkeitderAngaben (ben\u00f6tigt) <span class=\"wpcf7-form-control-wrap\" data-name=\"RichtigkeitderAngaben\"><span class=\"wpcf7-form-control wpcf7-checkbox wpcf7-validates-as-required\"><span class=\"wpcf7-list-item first last\"><input type=\"checkbox\" name=\"RichtigkeitderAngaben[]\" value=\"Hiermit best\u00e4tige ich die Richtigkeit meiner Angaben.\" \/><span class=\"wpcf7-list-item-label\">Hiermit best\u00e4tige ich die Richtigkeit meiner Angaben.<\/span><\/span><\/span><\/span><\/label><br \/>\n<label> Verbindliche Anfrage (ben\u00f6tigt) <span class=\"wpcf7-form-control-wrap\" data-name=\"RichtigkeitderAngaben\"><span class=\"wpcf7-form-control wpcf7-checkbox wpcf7-validates-as-required\"><span class=\"wpcf7-list-item first last\"><input type=\"checkbox\" name=\"RichtigkeitderAngaben[]\" value=\"Hiermit best\u00e4tige ich, dass ich von den Preisen und von dem Kurzkonzept Kenntnis genommen habe und diesem zustimme.\" \/><span class=\"wpcf7-list-item-label\">Hiermit best\u00e4tige ich, dass ich von den Preisen und von dem Kurzkonzept Kenntnis genommen habe und diesem zustimme.<\/span><\/span><\/span><\/span><\/label>\n<\/p>\n<hr \/>\n<h5>Datenschutzbestimmung\n<\/h5>\n<p>Mit der \u00dcbermittlung Ihrer Anmeldung \ufefferteilen Sie uns die jederzeit widerrufliche Einwilligung zur Verarbeitung Ihrer personenbezogenen Daten. Einzelheiten k\u00f6nnen Sie der Datenschutzerkl\u00e4rung entnehmen.\n<\/p>\n<p><input class=\"wpcf7-form-control wpcf7-submit has-spinner\" type=\"submit\" value=\"Send\" \/>\n<\/p>\n<p>Datenschutzrechtlicher Hinweis:<br \/>\nSie haben ein jederzeitiges Auskunfts-, Berichtigungs- und L\u00f6schungsrecht bez\u00fcglich der Verarbeitung und Nutzung Ihrer Daten. Selbstverst\u00e4ndlich k\u00f6nnen Sie Ihre Einwilligung jederzeit widerrufen. Die vorstehenden Rechte k\u00f6nnen Sie gegen\u00fcber der Kindergarten Mini-Timmi \u00fcber folgende E-Mail-Adresse geltend machen: info@mini-timmi.de\n<\/p>\n<p>Weitere Details zum Datenschutz bei des Kindergarten Mini-Timmi finden Sie <a href=\"http:\/\/www.mini-timmi.de\/mini-timmi\/privacy-policy\/\">hier<\/a>.\n<\/p><input type='hidden' class='wpcf7-pum' value='{\"closepopup\":false,\"closedelay\":0,\"openpopup\":false,\"openpopup_id\":0}' \/><div class=\"wpcf7-response-output\" aria-hidden=\"true\"><\/div>\n<\/form>\n<\/div>\n<\/div>\n<\/div><\/div>\n<\/div>\n<\/div>\n<\/div>\n<\/div>\n<\/div>\n<\/p>\t\t\t\t\t\t\t\t<\/div>\n\t\t\t\t<\/div>\n\t\t\t\t\t<\/div>\n\t\t<\/div>\n\t\t\t\t\t<\/div>\n\t\t<\/section>\n\t\t\t\t<section class=\"elementor-section elementor-top-section elementor-element elementor-element-727270f elementor-section-boxed elementor-section-height-default elementor-section-height-default\" data-id=\"727270f\" data-element_type=\"section\">\n\t\t\t\t\t\t<div class=\"elementor-container elementor-column-gap-default\">\n\t\t\t\t\t<div class=\"elementor-column elementor-col-100 elementor-top-column elementor-element elementor-element-e2d5e3b\" data-id=\"e2d5e3b\" data-element_type=\"column\">\n\t\t\t<div class=\"elementor-widget-wrap\">\n\t\t\t\t\t\t\t<\/div>\n\t\t<\/div>\n\t\t\t\t\t<\/div>\n\t\t<\/section>\n\t\t\t\t<\/div>\n\t\t","protected":false},"excerpt":{"rendered":"","protected":false},"author":1,"featured_media":0,"parent":0,"menu_order":0,"comment_status":"closed","ping_status":"closed","template":"","meta":{"footnotes":""},"class_list":["post-23","page","type-page","status-publish","hentry"],"_links":{"self":[{"href":"https:\/\/www.mini-timmi.de\/mini-timmi\/wp-json\/wp\/v2\/pages\/23","targetHints":{"allow":["GET"]}}],"collection":[{"href":"https:\/\/www.mini-timmi.de\/mini-timmi\/wp-json\/wp\/v2\/pages"}],"about":[{"href":"https:\/\/www.mini-timmi.de\/mini-timmi\/wp-json\/wp\/v2\/types\/page"}],"author":[{"embeddable":true,"href":"https:\/\/www.mini-timmi.de\/mini-timmi\/wp-json\/wp\/v2\/users\/1"}],"replies":[{"embeddable":true,"href":"https:\/\/www.mini-timmi.de\/mini-timmi\/wp-json\/wp\/v2\/comments?post=23"}],"version-history":[{"count":61,"href":"https:\/\/www.mini-timmi.de\/mini-timmi\/wp-json\/wp\/v2\/pages\/23\/revisions"}],"predecessor-version":[{"id":15653,"href":"https:\/\/www.mini-timmi.de\/mini-timmi\/wp-json\/wp\/v2\/pages\/23\/revisions\/15653"}],"wp:attachment":[{"href":"https:\/\/www.mini-timmi.de\/mini-timmi\/wp-json\/wp\/v2\/media?parent=23"}],"curies":[{"name":"wp","href":"https:\/\/api.w.org\/{rel}","templated":true}]}}