{"id":42,"date":"2019-07-31T18:14:15","date_gmt":"2019-07-31T18:14:15","guid":{"rendered":"http:\/\/localhost\/wordpress\/?page_id=42"},"modified":"2020-10-29T14:14:00","modified_gmt":"2020-10-29T14:14:00","slug":"home","status":"publish","type":"page","link":"https:\/\/www.mini-timmi.de\/mini-timmi\/","title":{"rendered":"Kindergarten Mini-Timmi | Ihr Kindergarten in M\u00fcnchen"},"content":{"rendered":"\t\t<div data-elementor-type=\"wp-page\" data-elementor-id=\"42\" class=\"elementor elementor-42\">\n\t\t\t\t\t\t<section class=\"elementor-section elementor-top-section elementor-element elementor-element-423af64c elementor-section-boxed elementor-section-height-default elementor-section-height-default\" data-id=\"423af64c\" data-element_type=\"section\">\n\t\t\t\t\t\t<div class=\"elementor-container elementor-column-gap-default\">\n\t\t\t\t\t<div class=\"elementor-column elementor-col-100 elementor-top-column elementor-element elementor-element-751f2f8\" data-id=\"751f2f8\" data-element_type=\"column\">\n\t\t\t<div class=\"elementor-widget-wrap elementor-element-populated\">\n\t\t\t\t\t\t<div class=\"elementor-element elementor-element-6ccd489d elementor-widget elementor-widget-text-editor\" data-id=\"6ccd489d\" data-element_type=\"widget\" data-widget_type=\"text-editor.default\">\n\t\t\t\t<div class=\"elementor-widget-container\">\n\t\t\t\t\t\t\t\t\t\n<p><div id=\"cmsmasters_row_\" class=\"cmsmasters_row cmsmasters_color_scheme_default cmsmasters_row_top_default cmsmasters_row_bot_default cmsmasters_row_boxed\">\n<div class=\"cmsmasters_row_outer_parent\">\n<div class=\"cmsmasters_row_outer\">\n<div class=\"cmsmasters_row_inner\">\n<div class=\"cmsmasters_row_margin\">\n<div id=\"cmsmasters_column_\" class=\"cmsmasters_column one_first\">\n<div class=\"cmsmasters_column_inner\"><div class=\"cmsmasters_text\">\n<p>&nbsp;<\/p>\n<\/div>\n<\/div><\/div>\n<\/div>\n<\/div>\n<\/div>\n<\/div>\n<\/div>\n<div id=\"cmsmasters_row_wag5zyzyuc\" class=\"cmsmasters_row cmsmasters_color_scheme_default cmsmasters_row_top_default cmsmasters_row_bot_default cmsmasters_row_boxed\">\n<div class=\"cmsmasters_row_outer_parent\">\n<div class=\"cmsmasters_row_outer\">\n<div class=\"cmsmasters_row_inner\">\n<div class=\"cmsmasters_row_margin\">\n<div id=\"cmsmasters_column_vm85odexpj\" class=\"cmsmasters_column one_first\">\n<div class=\"cmsmasters_column_inner\">\n<div id=\"cmsmasters_divider_h2txtlhgpa\" class=\"cmsmasters_divider cmsmasters_divider_width_long cmsmasters_divider_pos_center\"><\/div>\n<\/div><\/div>\n<\/div>\n<\/div>\n<\/div>\n<\/div>\n<\/div>\n<div id=\"cmsmasters_row_\" class=\"cmsmasters_row cmsmasters_color_scheme_default cmsmasters_row_top_default cmsmasters_row_bot_default cmsmasters_row_boxed\">\n<div class=\"cmsmasters_row_outer_parent\">\n<div class=\"cmsmasters_row_outer\">\n<div class=\"cmsmasters_row_inner\">\n<div class=\"cmsmasters_row_margin\">\n<div id=\"cmsmasters_column_\" class=\"cmsmasters_column one_first\">\n<div class=\"cmsmasters_column_inner\"><div class=\"cmsmasters_text\">\n<p>&nbsp;<\/p>\n<\/div>\n<\/div><\/div>\n<\/div>\n<\/div>\n<\/div>\n<\/div>\n<\/div>\n<div id=\"cmsmasters_row_\" class=\"cmsmasters_row cmsmasters_color_scheme_default cmsmasters_row_top_default cmsmasters_row_bot_default cmsmasters_row_boxed\">\n<div class=\"cmsmasters_row_outer_parent\">\n<div class=\"cmsmasters_row_outer\">\n<div class=\"cmsmasters_row_inner\">\n<div class=\"cmsmasters_row_margin\">\n<div id=\"cmsmasters_column_\" class=\"cmsmasters_column one_first\">\n<div class=\"cmsmasters_column_inner\"><div class=\"cmsmasters_text\" data-animation=\"fadeIn\" data-delay=\"0\">\n<div id=\"rev_slider_2_1_wrapper\" class=\"rev_slider_wrapper fullwidthbanner-container\" data-source=\"gallery\" style=\"margin:0px auto;background:transparent;padding:0px;margin-top:0px;margin-bottom:0px;\">\n<!-- START REVOLUTION SLIDER 5.4.8.3 fullwidth mode -->\n\t<div id=\"rev_slider_2_1\" class=\"rev_slider fullwidthabanner\" style=\"display:none;\" data-version=\"5.4.8.3\">\n<ul>\t<!-- SLIDE  -->\n\t<li data-index=\"rs-5\" data-transition=\"fade\" data-slotamount=\"default\" data-hideafterloop=\"0\" data-hideslideonmobile=\"off\"  data-easein=\"default\" data-easeout=\"default\" data-masterspeed=\"300\"  data-rotate=\"0\"  data-saveperformance=\"off\"  data-title=\"Slide\" data-param1=\"\" data-param2=\"\" data-param3=\"\" data-param4=\"\" data-param5=\"\" data-param6=\"\" data-param7=\"\" data-param8=\"\" data-param9=\"\" data-param10=\"\" data-description=\"\">\n\t\t<!-- MAIN IMAGE -->\n\t\t<img fetchpriority=\"high\" decoding=\"async\" src=\"https:\/\/www.mini-timmi.de\/mini-timmi\/wp-content\/uploads\/2019\/12\/shutterstock_1493885291-scaled.jpg\"  alt=\"\" title=\"shutterstock_1493885291\"  width=\"2560\" height=\"946\" data-bgposition=\"60% 0%\" data-bgfit=\"cover\" data-bgrepeat=\"no-repeat\" data-bgparallax=\"off\" class=\"rev-slidebg\" data-no-retina>\n\t\t<!-- LAYERS -->\n\n\t\t<!-- LAYER NR. 1 -->\n\t\t<div class=\"tp-caption  \" \n\t\t\t id=\"slide-5-layer-1\" \n\t\t\t data-x=\"113\" \n\t\t\t data-y=\"358\" \n\t\t\t\t\t\tdata-width=\"['1718','auto','auto']\"\n\t\t\tdata-height=\"['247','auto','auto']\"\n \n\t\t\tdata-type=\"text\" \n\t\t\tdata-responsive_offset=\"on\" \n\n\t\t\tdata-frames='[{\"delay\":0,\"speed\":1000,\"frame\":\"0\",\"from\":\"z:0;rX:0deg;rY:0;rZ:0;sX:2;sY:2;skX:0;skY:0;opacity:0;\",\"mask\":\"x:0px;y:0px;s:inherit;e:inherit;\",\"to\":\"o:1;\",\"ease\":\"Power2.easeOut\"},{\"delay\":\"wait\",\"speed\":280,\"frame\":\"999\",\"to\":\"opacity:0;\",\"ease\":\"Power3.easeInOut\"}]'\n\t\t\tdata-textAlign=\"['inherit','inherit','inherit','inherit']\"\n\t\t\tdata-paddingtop=\"[0,0,0,0]\"\n\t\t\tdata-paddingright=\"[0,0,0,0]\"\n\t\t\tdata-paddingbottom=\"[0,0,0,0]\"\n\t\t\tdata-paddingleft=\"[0,0,0,0]\"\n\n\t\t\tstyle=\"z-index: 5; min-width: 1718px; max-width: 1718px; max-width: 247px; max-width: 247px; white-space: nowrap; font-size: 90px; line-height: 73px; font-weight: 700; color: #000635; letter-spacing: 0px;font-family:Tahoma, Geneva, sans-serif;\"><center style=\"  -webkit-text-stroke: 1px white;\">Wir haben aktuell freie Pl\u00e4tze! <\/div>\n\t<\/li>\n\t<!-- SLIDE  -->\n\t<li data-index=\"rs-9\" data-transition=\"fade\" data-slotamount=\"default\" data-hideafterloop=\"0\" data-hideslideonmobile=\"off\"  data-easein=\"default\" data-easeout=\"default\" data-masterspeed=\"300\"  data-rotate=\"0\"  data-saveperformance=\"off\"  data-title=\"Slide\" data-param1=\"\" data-param2=\"\" data-param3=\"\" data-param4=\"\" data-param5=\"\" data-param6=\"\" data-param7=\"\" data-param8=\"\" data-param9=\"\" data-param10=\"\" data-description=\"\">\n\t\t<!-- MAIN IMAGE -->\n\t\t<img decoding=\"async\" src=\"https:\/\/www.mini-timmi.de\/mini-timmi\/wp-content\/uploads\/2019\/12\/shutterstock_612028280-scaled.jpg\"  alt=\"\" title=\"shutterstock_612028280\"  width=\"2560\" height=\"1748\" data-bgposition=\"60% 0%\" data-bgfit=\"cover\" data-bgrepeat=\"no-repeat\" data-bgparallax=\"off\" class=\"rev-slidebg\" data-no-retina>\n\t\t<!-- LAYERS -->\n\n\t\t<!-- LAYER NR. 2 -->\n\t\t<div class=\"tp-caption  \" \n\t\t\t id=\"slide-9-layer-1\" \n\t\t\t data-x=\"481\" \n\t\t\t data-y=\"119\" \n\t\t\t\t\t\tdata-width=\"['934','auto','auto']\"\n\t\t\tdata-height=\"['261','auto','auto']\"\n \n\t\t\tdata-type=\"text\" \n\t\t\tdata-responsive_offset=\"on\" \n\n\t\t\tdata-frames='[{\"delay\":0,\"speed\":1000,\"frame\":\"0\",\"from\":\"z:0;rX:0deg;rY:0;rZ:0;sX:2;sY:2;skX:0;skY:0;opacity:0;\",\"mask\":\"x:0px;y:0px;s:inherit;e:inherit;\",\"to\":\"o:1;\",\"ease\":\"Power2.easeOut\"},{\"delay\":\"wait\",\"speed\":280,\"frame\":\"999\",\"to\":\"opacity:0;\",\"ease\":\"Power3.easeInOut\"}]'\n\t\t\tdata-textAlign=\"['inherit','inherit','inherit','inherit']\"\n\t\t\tdata-paddingtop=\"[0,0,0,0]\"\n\t\t\tdata-paddingright=\"[0,0,0,0]\"\n\t\t\tdata-paddingbottom=\"[0,0,0,0]\"\n\t\t\tdata-paddingleft=\"[0,0,0,0]\"\n\n\t\t\tstyle=\"z-index: 5; min-width: 934px; max-width: 934px; max-width: 261px; max-width: 261px; white-space: nowrap; font-size: 80px; line-height: 73px; font-weight: 700; color: #ffffff; letter-spacing: 0px;font-family:Tahoma, Geneva, sans-serif;\"><center>Liebevolle Betreuung <br> <\/div>\n\t<\/li>\n\t<!-- SLIDE  -->\n\t<li data-index=\"rs-10\" data-transition=\"fade\" data-slotamount=\"default\" data-hideafterloop=\"0\" data-hideslideonmobile=\"off\"  data-easein=\"default\" data-easeout=\"default\" data-masterspeed=\"300\"  data-rotate=\"0\"  data-saveperformance=\"off\"  data-title=\"Slide\" data-param1=\"\" data-param2=\"\" data-param3=\"\" data-param4=\"\" data-param5=\"\" data-param6=\"\" data-param7=\"\" data-param8=\"\" data-param9=\"\" data-param10=\"\" data-description=\"\">\n\t\t<!-- MAIN IMAGE -->\n\t\t<img decoding=\"async\" src=\"https:\/\/www.mini-timmi.de\/mini-timmi\/wp-content\/uploads\/2019\/12\/shutterstock_1384179008-scaled.jpg\"  alt=\"\" title=\"shutterstock_1384179008\"  width=\"2560\" height=\"1707\" data-bgposition=\"60% 0%\" data-bgfit=\"cover\" data-bgrepeat=\"no-repeat\" data-bgparallax=\"off\" class=\"rev-slidebg\" data-no-retina>\n\t\t<!-- LAYERS -->\n\n\t\t<!-- LAYER NR. 3 -->\n\t\t<div class=\"tp-caption  \" \n\t\t\t id=\"slide-10-layer-1\" \n\t\t\t data-x=\"506\" \n\t\t\t data-y=\"373\" \n\t\t\t\t\t\tdata-width=\"['auto','auto','auto']\"\n\t\t\tdata-height=\"['auto','auto','auto']\"\n \n\t\t\tdata-type=\"text\" \n\t\t\tdata-responsive_offset=\"on\" \n\n\t\t\tdata-frames='[{\"delay\":0,\"speed\":1000,\"frame\":\"0\",\"from\":\"z:0;rX:0deg;rY:0;rZ:0;sX:2;sY:2;skX:0;skY:0;opacity:0;\",\"mask\":\"x:0px;y:0px;s:inherit;e:inherit;\",\"to\":\"o:1;\",\"ease\":\"Power2.easeOut\"},{\"delay\":\"wait\",\"speed\":280,\"frame\":\"999\",\"to\":\"opacity:0;\",\"ease\":\"Power3.easeInOut\"}]'\n\t\t\tdata-textAlign=\"['inherit','inherit','inherit','inherit']\"\n\t\t\tdata-paddingtop=\"[0,0,0,0]\"\n\t\t\tdata-paddingright=\"[0,0,0,0]\"\n\t\t\tdata-paddingbottom=\"[0,0,0,0]\"\n\t\t\tdata-paddingleft=\"[0,0,0,0]\"\n\n\t\t\tstyle=\"z-index: 5; white-space: nowrap; font-size: 80px; line-height: 73px; font-weight: 700; color: #ffffff; letter-spacing: 0px;font-family:Tahoma, Geneva, sans-serif;\">Wir entfalten Potential! <\/div>\n\t<\/li>\n<\/ul>\n<div class=\"tp-bannertimer\" style=\"height: 5px; background: rgba(0,0,0,0.15);\"><\/div>\t<\/div>\n<script>var htmlDiv = document.getElementById(\"rs-plugin-settings-inline-css\"); var htmlDivCss=\"\";\r\n\t\t\t\tif(htmlDiv) {\r\n\t\t\t\t\thtmlDiv.innerHTML = htmlDiv.innerHTML + htmlDivCss;\r\n\t\t\t\t}else{\r\n\t\t\t\t\tvar htmlDiv = document.createElement(\"div\");\r\n\t\t\t\t\thtmlDiv.innerHTML = \"<style>\" + htmlDivCss + \"<\/style>\";\r\n\t\t\t\t\tdocument.getElementsByTagName(\"head\")[0].appendChild(htmlDiv.childNodes[0]);\r\n\t\t\t\t}\r\n\t\t\t<\/script>\n\t\t<script type=\"text\/javascript\">\r\nif (setREVStartSize!==undefined) setREVStartSize(\r\n\t{c: '#rev_slider_2_1', gridwidth: [1920], gridheight: [960], sliderLayout: 'fullwidth'});\r\n\t\t\t\r\nvar revapi2,\r\n\ttpj;\t\r\n(function() {\t\t\t\r\n\tif (!\/loaded|interactive|complete\/.test(document.readyState)) document.addEventListener(\"DOMContentLoaded\",onLoad); else onLoad();\t\r\n\tfunction onLoad() {\t\t\t\t\r\n\t\tif (tpj===undefined) { tpj = jQuery; if(\"off\" == \"on\") tpj.noConflict();}\r\n\tif(tpj(\"#rev_slider_2_1\").revolution == undefined){\n\t\trevslider_showDoubleJqueryError(\"#rev_slider_2_1\");\n\t}else{\n\t\trevapi2 = tpj(\"#rev_slider_2_1\").show().revolution({\n\t\t\tstartDelay: 1,\n\t\t\tsliderType:\"standard\",\n\t\t\tjsFileLocation:\"\/\/www.mini-timmi.de\/mini-timmi\/wp-content\/plugins\/revslider\/public\/assets\/js\/\",\n\t\t\tsliderLayout:\"fullwidth\",\n\t\t\tdottedOverlay:\"none\",\n\t\t\tdelay:5000,\n\t\t\tnavigation: {\n\t\t\t\tonHoverStop:\"off\",\n\t\t\t},\n\t\t\tvisibilityLevels:[1240,1024,778,480],\n\t\t\tgridwidth:1920,\n\t\t\tgridheight:960,\n\t\t\tlazyType:\"none\",\n\t\t\tparallax: {\n\t\t\t\ttype:\"mouse\",\n\t\t\t\torigo:\"enterpoint\",\n\t\t\t\tspeed:400,\n\t\t\t\tspeedbg:0,\n\t\t\t\tspeedls:0,\n\t\t\t\tlevels:[5,10,15,20,25,30,35,40,45,46,47,48,49,50,51,55],\n\t\t\t},\n\t\t\tshadow:0,\n\t\t\tspinner:\"spinner0\",\n\t\t\tstopLoop:\"off\",\n\t\t\tstopAfterLoops:-1,\n\t\t\tstopAtSlide:-1,\n\t\t\tshuffle:\"off\",\n\t\t\tautoHeight:\"on\",\n\t\t\thideThumbsOnMobile:\"off\",\n\t\t\thideSliderAtLimit:0,\n\t\t\thideCaptionAtLimit:0,\n\t\t\thideAllCaptionAtLilmit:0,\n\t\t\tstartWithSlide:0,\n\t\t\tdebugMode:false,\n\t\t\tfallbacks: {\n\t\t\t\tsimplifyAll:\"off\",\n\t\t\t\tnextSlideOnWindowFocus:\"off\",\n\t\t\t\tdisableFocusListener:false,\n\t\t\t}\n\t\t});\n\t}; \/* END OF revapi call *\/\n\t\n }; \/* END OF ON LOAD FUNCTION *\/\r\n}()); \/* END OF WRAPPING FUNCTION *\/\r\n<\/script>\r\n\t\t<\/div><!-- END REVOLUTION SLIDER --><\/p>\n<\/div>\n<div id=\"cmsmasters_divider_z6oo1niov7\" class=\"cmsmasters_divider cmsmasters_divider_width_short cmsmasters_divider_pos_center\"><\/div>\n<div onclick=\"location.href='http:\/\/www.mini-timmi.de\/mini-timmi\/karriere\/';\" style=\"cursor: pointer;\">\n<div id=\"cmsmasters_fb_1yk0l84llo\" class=\"cmsmasters_featured_block width:20%\" data-animation=\"fadeIn\" data-delay=\"0\">\n<div class=\"featured_block_inner\">\n<div class=\"featured_block_text\">\n<p><strong>Kita-Platz voranmelden<\/strong><\/p>\n<div id=\"voranmeldenkita\">\n<p style=\"color: white;\">Melden sie ihr Kind ganz praktisch online oder \u00fcber E-mail und Telefon an. Ganz einfach einen Besichtigungstermin vereinbaren.<\/p>\n<\/div>\n<\/div>\n<p>&nbsp;<\/p>\n<div onclick=\"location.href='http:\/\/www.mini-timmi.de\/mini-timmi\/anmeldung\/';\" style=\"cursor: pointer;\">\n<p><a href=\"http:\/\/www.mini-timmi.de\/mini-timmi\/anmeldung\/\"> <\/p>\n<\/div>\n<\/div>\n<\/div>\n<\/a><div id=\"cmsmasters_fb_rjbp8gevvb\" class=\"cmsmasters_featured_block\" data-animation=\"fadeIn\" data-delay=\"0\">\n<div class=\"featured_block_inner\">\n<div class=\"featured_block_text\">\n<p><strong>Jobangebote<\/strong><\/p>\n<div id=\"voranmeldenkita\">\n<p style=\"color: white;\">Du hast Lust Teil unserer Team-Familie zu werden? Dann bewib dich ganz einfach online \u00fcber unser Formular oder kontaktiere uns \u00fcber E-Mail und Telefon<\/p>\n<\/div>\n<\/div>\n<p>&nbsp;<\/p>\n<div onclick=\"location.href='http:\/\/www.mini-timmi.de\/mini-timmi\/konzept\/';\" style=\"cursor: pointer;\">\n\n<\/div>\n<\/div>\n<\/div>\n<div id=\"cmsmasters_fb_pw0ylwm7mj\" class=\"cmsmasters_featured_block\" data-animation=\"fadeIn\" data-delay=\"0\">\n<div class=\"featured_block_inner\">\n<div class=\"featured_block_text\">\n<p><strong>Konzept<\/strong><\/p>\n<div id=\"voranmeldenkita\">\n<p style=\"text-align: left; color: white;\">Du willst mehr von unserer Vision, Tagesablauf und Werten erfahren? Klicke mich!<\/p>\n<\/div>\n<\/div>\n<p>&nbsp;<\/p>\n\n<\/div>\n<\/div>\n<\/div>\n<div id=\"cmsmasters_divider_rk12xzb5t\" class=\"cmsmasters_divider cmsmasters_divider_width_long cmsmasters_divider_pos_center\"><\/div>\n<div class=\"cmsmasters_text\" data-animation=\"fadeIn\">\n<h2 style=\"text-align: center;\">Mini-Timmi &#8211; ihr Kindergarten in M\u00fcnchen.<\/h2>\n<p>&nbsp;<\/p>\n<div class=\"wpb_text_column wpb_content_element intro-text hidden-xs\">\n<div class=\"wpb_wrapper\">\n<p style=\"text-align: center;\">Wir wollen als Kindergarten einen Beitrag dazu leisten, Kinder zu selbstachtenden, hoffnungs-,<br \/>verantwortungs- und liebevollen Menschen zu erziehen. Sie sollen sowohl eigenverantwortlich handeln<br \/>lernen, als auch gemeinschaftsf\u00e4hig werden.<br \/>Darin wollen wir als Fachkr\u00e4fte selbst Vorbilder sein.<br \/>Wir wollen nicht nur Wissen und K\u00f6nnen vermitteln, sondern auch Herz und Charakter bilden.<\/p>\n<\/div>\n<\/div>\n<\/div>\n<ul id=\"cmsmasters_icon_list_items_0zdkuuct2\" class=\"cmsmasters_icon_list_items cmsmasters_icon_list_type_list\" data-animation=\"fadeIn\" data-delay=\"0\"><li id=\"cmsmasters_icon_list_item_zzfr0ep3bl\" class=\"cmsmasters_icon_list_item cmsmasters-icon-ok\">Betreuung bis zum Schuleintritt<\/li><li id=\"cmsmasters_icon_list_item_9al20yal7\" class=\"cmsmasters_icon_list_item cmsmasters-icon-ok\">Fr\u00fchkindliche F\u00f6rderung<\/li><\/ul><ul id=\"cmsmasters_icon_list_items_ko5y5li1n7\" class=\"cmsmasters_icon_list_items cmsmasters_icon_list_type_list\" data-animation=\"fadeIn\" data-delay=\"0\"><li id=\"cmsmasters_icon_list_item_6iznzq6l3a\" class=\"cmsmasters_icon_list_item cmsmasters-icon-ok\">Individuelle Betreuungsangebote<\/li><li id=\"cmsmasters_icon_list_item_yxm6mkss06\" class=\"cmsmasters_icon_list_item cmsmasters-icon-ok\">Liebevolle Betreuung<\/li><li id=\"cmsmasters_icon_list_item_axxefvum7\" class=\"cmsmasters_icon_list_item cmsmasters-icon-ok\">Partnerschaftliche Elternarbeit<\/li><\/ul>\n<div id=\"cmsmasters_divider_w6ecgh4o6m\" class=\"cmsmasters_divider cmsmasters_divider_width_long cmsmasters_divider_pos_center\"><\/div>\n<div id=\"cmsmasters_button_auybw0c1qf\" class=\"button_wrap\"><a href=\"http:\/\/www.mini-timmi.de\/mini-timmi\/anmeldung\/\" class=\"cmsmasters_button cmsmasters_but_clear_styles cmsmasters_but_bg_hover\" data-animation=\"fadeIn\" data-delay=\"0\"><span>Jetzt Kita Platz voranmelden<\/span><\/a><\/div>\n<div id=\"cmsmasters_divider_tnyfbfwpxo\" class=\"cmsmasters_divider cmsmasters_divider_width_long cmsmasters_divider_pos_center\"><\/div>\n<div class=\"cmsmasters_quotes_slider_wrap\" data-animation=\"fadeIn\" data-delay=\"0\">\n<div id=\"cmsmasters_quotes_slider_13wwslujsa\" class=\"cmsmasters_owl_slider owl-carousel cmsmasters_quotes cmsmasters_quotes_slider\" data-auto-play=\"5000\"><div class=\"cmsmasters_quote cmsmasters_owl_slider_item\">\n<!-- Start Quote Slider Article -->\r\n<article class=\"cmsmasters_quote_inner\">\r\n<figure class=\"cmsmasters_quote_image\"><img decoding=\"async\" width=\"330\" height=\"330\" data-src=\"https:\/\/www.mini-timmi.de\/mini-timmi\/wp-content\/uploads\/2019\/12\/shutterstock_428746984-330x330.jpg\" class=\"attachment-cmsmasters-square-thumb size-cmsmasters-square-thumb lazyload\" alt=\"\" data-srcset=\"https:\/\/www.mini-timmi.de\/mini-timmi\/wp-content\/uploads\/2019\/12\/shutterstock_428746984-330x330.jpg 330w, https:\/\/www.mini-timmi.de\/mini-timmi\/wp-content\/uploads\/2019\/12\/shutterstock_428746984-150x150.jpg 150w, https:\/\/www.mini-timmi.de\/mini-timmi\/wp-content\/uploads\/2019\/12\/shutterstock_428746984-73x73.jpg 73w\" data-sizes=\"(max-width: 330px) 100vw, 330px\" src=\"data:image\/gif;base64,R0lGODlhAQABAAAAACH5BAEKAAEALAAAAAABAAEAAAICTAEAOw==\" style=\"--smush-placeholder-width: 330px; --smush-placeholder-aspect-ratio: 330\/330;\" \/><\/figure><div class=\"cmsmasters_quote_content\">\n<p>Die liebevolle Betreuung, der p\u00e4dagogische Umgang der Mitarbeiter und die Atmosph\u00e4re sind einzigartig! Wir f\u00fchlen uns hier sehr wohl!<\/p>\n<\/div><header class=\"cmsmasters_quote_header\"><h5 class=\"cmsmasters_quote_title\">Claudia M.<\/h5><\/header><\/article>\r\n<!-- Finish Quote Slider Article -->\r\n\r\n<\/div>\n<\/div>\n<\/div>\n<div id=\"cmsmasters_divider_yeqvihnzbn\" class=\"cmsmasters_divider cmsmasters_divider_width_long cmsmasters_divider_pos_center\"><\/div>\n<\/div><\/div>\n<\/div>\n<\/div>\n<\/div>\n<\/div>\n<\/div>\n<div id=\"cmsmasters_row_pi97hp3xd5\" class=\"cmsmasters_row cmsmasters_color_scheme_default cmsmasters_row_top_default cmsmasters_row_bot_default cmsmasters_row_boxed\">\n<div class=\"cmsmasters_row_outer_parent\">\n<div class=\"cmsmasters_row_outer\">\n<div class=\"cmsmasters_row_inner\">\n<div class=\"cmsmasters_row_margin\">\n<div id=\"cmsmasters_column_4ey02uk8u\" class=\"cmsmasters_column one_first\">\n<div class=\"cmsmasters_column_inner\"><ul id=\"cmsmasters_icon_list_items_1ttee5cuah\" class=\"cmsmasters_icon_list_items cmsmasters_icon_list_type_block cmsmasters_icon_list_pos_left cmsmasters_color_type_border\" data-animation=\"fadeIn\" data-delay=\"0\"><li id=\"cmsmasters_icon_list_item_60pwwm9ndf\" class=\"cmsmasters_icon_list_item\">\n<div class=\"cmsmasters_icon_list_item_inner\">\n<div class=\"cmsmasters_icon_list_icon_wrap\">\n<span class=\"cmsmasters_icon_list_icon cmsmasters-icon-link-ext-alt\"><\/span>\n<\/div>\n<div class=\"cmsmasters_icon_list_item_content\">\n<h3 class=\"cmsmasters_icon_list_item_title\">Wir helfen auf dem Weg <\/h3>\n<div class=\"cmsmasters_icon_list_item_text\">\n<p>Das erkennen und f\u00f6rdern von Talenten ist f\u00fcr uns sehr wichtig<\/p>\n<\/div>\n<\/div>\n<\/div>\n<\/li><li id=\"cmsmasters_icon_list_item_s9eysz47pr\" class=\"cmsmasters_icon_list_item\">\n<div class=\"cmsmasters_icon_list_item_inner\">\n<div class=\"cmsmasters_icon_list_icon_wrap\">\n<span class=\"cmsmasters_icon_list_icon cmsmasters-icon-heartbeat\"><\/span>\n<\/div>\n<div class=\"cmsmasters_icon_list_item_content\">\n<h3 class=\"cmsmasters_icon_list_item_title\">Gesunde Ern\u00e4hrung<\/h3>\n<div class=\"cmsmasters_icon_list_item_text\">\n<p>Unsere Kinder genie\u00dfen eine ausgewogene regionale Ern\u00e4hrung um sie in ihrem Wachstum bestm\u00f6glichst zu f\u00f6rdern.<\/p>\n<\/div>\n<\/div>\n<\/div>\n<\/li><\/ul><ul id=\"cmsmasters_icon_list_items_5rvd1wqycb\" class=\"cmsmasters_icon_list_items cmsmasters_icon_list_type_block cmsmasters_icon_list_pos_left cmsmasters_color_type_border\" data-animation=\"fadeIn\" data-delay=\"0\"><li id=\"cmsmasters_icon_list_item_6s4s4omgsr\" class=\"cmsmasters_icon_list_item\">\n<div class=\"cmsmasters_icon_list_item_inner\">\n<div class=\"cmsmasters_icon_list_icon_wrap\">\n<span class=\"cmsmasters_icon_list_icon cmsmasters-icon-thumbs-up\"><\/span>\n<\/div>\n<div class=\"cmsmasters_icon_list_item_content\">\n<h3 class=\"cmsmasters_icon_list_item_title\"><a href=\"https:\/\/amyna.de\/wp\/\" target=\"_blank\" rel=\"noopener\">Kinderschutz<\/a><\/h3>\n<div class=\"cmsmasters_icon_list_item_text\">\n<p>Kinderschutz steht bei uns an erster Stelle. Kein Raum f\u00fcr Missbrauch!<\/p>\n<\/div>\n<\/div>\n<\/div>\n<\/li><li id=\"cmsmasters_icon_list_item_e5e0pqnjhr\" class=\"cmsmasters_icon_list_item\">\n<div class=\"cmsmasters_icon_list_item_inner\">\n<div class=\"cmsmasters_icon_list_icon_wrap\">\n<span class=\"cmsmasters_icon_list_icon cmsmasters-icon-book\"><\/span>\n<\/div>\n<div class=\"cmsmasters_icon_list_item_content\">\n<h3 class=\"cmsmasters_icon_list_item_title\">Weiterbildung<\/h3>\n<div class=\"cmsmasters_icon_list_item_text\">\n<p>Die Zeit der Kindheit ist die lehrreichste&nbsp; des Lebens und wir nutzen dieses Potential um den Intellekt und Charakter ihres Kindes so fr\u00fch wie m\u00f6glich zu entwickeln.<\/p>\n<\/div>\n<\/div>\n<\/div>\n<\/li><\/ul>\n<div id=\"cmsmasters_divider_c7otsvntw9\" class=\"cmsmasters_divider cmsmasters_divider_width_long cmsmasters_divider_pos_center\"><\/div>\n<div id=\"cmsmasters_counters_p82eehvpch\" class=\"cmsmasters_counters counters_type_horizontal\" data-animation=\"fadeIn\" data-delay=\"0\"><div class=\"cmsmasters_counter_wrap one_half\">\n<div id=\"cmsmasters_counter_2my52iwvf\" class=\"cmsmasters_counter counter_has_icon\" data-percent=\"1999\">\n<div class=\"cmsmasters_counter_inner cmsmasters-icon-book\">\n<span class=\"cmsmasters_counter_counter_wrap\">\n<span class=\"cmsmasters_counter_prefix\"><\/span><span class=\"cmsmasters_counter_counter\">0<\/span><span class=\"cmsmasters_counter_suffix\"><\/span>\n<\/span>\n<span class=\"cmsmasters_counter_title\">Seit<\/span>\n<\/div>\n<\/div>\n<\/div><div class=\"cmsmasters_counter_wrap one_half\">\n<div id=\"cmsmasters_counter_2cqv0u7b8n\" class=\"cmsmasters_counter counter_has_icon\" data-percent=\"1100\">\n<div class=\"cmsmasters_counter_inner cmsmasters-icon-child\">\n<span class=\"cmsmasters_counter_counter_wrap\">\n<span class=\"cmsmasters_counter_prefix\"><\/span><span class=\"cmsmasters_counter_counter\">0<\/span><span class=\"cmsmasters_counter_suffix\"><\/span>\n<\/span>\n<span class=\"cmsmasters_counter_title\">Gl\u00fcckliche Kinder<\/span>\n<\/div>\n<\/div>\n<\/div><\/div>\n<div id=\"cmsmasters_divider_mqtlhyneu9\" class=\"cmsmasters_divider cmsmasters_divider_width_long cmsmasters_divider_pos_center\"><\/div>\n<div id=\"cmsmasters_fb_h5kkhrsvy\" class=\"cmsmasters_featured_block\" data-animation=\"fadeIn\" data-delay=\"0\">\n<a href=\"http:\/\/www.mini-timmi.de\/mini-timmi\/anmeldung\/\" class=\"featured_block_link\"><\/a><div class=\"featured_block_inner\">\n<div class=\"featured_block_text\">\n<h3 style=\"color: white;\">Jetzt unverbindlich voranmelden !<\/h3>\n\n<\/div>\n<\/div>\n<\/div>\n<\/div><\/div>\n<\/div>\n<\/div>\n<\/div>\n<\/div>\n<\/div>\n<\/p>\n\t\t\t\t\t\t\t\t<\/div>\n\t\t\t\t<\/div>\n\t\t\t\t\t<\/div>\n\t\t<\/div>\n\t\t\t\t\t<\/div>\n\t\t<\/section>\n\t\t\t\t<section class=\"elementor-section elementor-top-section elementor-element elementor-element-d5f5272 elementor-section-boxed elementor-section-height-default elementor-section-height-default\" data-id=\"d5f5272\" data-element_type=\"section\">\n\t\t\t\t\t\t<div class=\"elementor-container elementor-column-gap-default\">\n\t\t\t\t\t<div class=\"elementor-column elementor-col-33 elementor-top-column elementor-element elementor-element-a00e424\" data-id=\"a00e424\" data-element_type=\"column\">\n\t\t\t<div class=\"elementor-widget-wrap\">\n\t\t\t\t\t\t\t<\/div>\n\t\t<\/div>\n\t\t\t\t<div class=\"elementor-column elementor-col-33 elementor-top-column elementor-element elementor-element-d106da0\" data-id=\"d106da0\" data-element_type=\"column\">\n\t\t\t<div class=\"elementor-widget-wrap\">\n\t\t\t\t\t\t\t<\/div>\n\t\t<\/div>\n\t\t\t\t<div class=\"elementor-column elementor-col-33 elementor-top-column elementor-element elementor-element-40d5c64\" data-id=\"40d5c64\" data-element_type=\"column\">\n\t\t\t<div class=\"elementor-widget-wrap\">\n\t\t\t\t\t\t\t<\/div>\n\t\t<\/div>\n\t\t\t\t\t<\/div>\n\t\t<\/section>\n\t\t\t\t<\/div>\n\t\t","protected":false},"excerpt":{"rendered":"","protected":false},"author":1,"featured_media":0,"parent":0,"menu_order":0,"comment_status":"closed","ping_status":"closed","template":"","meta":{"footnotes":""},"class_list":["post-42","page","type-page","status-publish","hentry"],"_links":{"self":[{"href":"https:\/\/www.mini-timmi.de\/mini-timmi\/wp-json\/wp\/v2\/pages\/42","targetHints":{"allow":["GET"]}}],"collection":[{"href":"https:\/\/www.mini-timmi.de\/mini-timmi\/wp-json\/wp\/v2\/pages"}],"about":[{"href":"https:\/\/www.mini-timmi.de\/mini-timmi\/wp-json\/wp\/v2\/types\/page"}],"author":[{"embeddable":true,"href":"https:\/\/www.mini-timmi.de\/mini-timmi\/wp-json\/wp\/v2\/users\/1"}],"replies":[{"embeddable":true,"href":"https:\/\/www.mini-timmi.de\/mini-timmi\/wp-json\/wp\/v2\/comments?post=42"}],"version-history":[{"count":220,"href":"https:\/\/www.mini-timmi.de\/mini-timmi\/wp-json\/wp\/v2\/pages\/42\/revisions"}],"predecessor-version":[{"id":15221,"href":"https:\/\/www.mini-timmi.de\/mini-timmi\/wp-json\/wp\/v2\/pages\/42\/revisions\/15221"}],"wp:attachment":[{"href":"https:\/\/www.mini-timmi.de\/mini-timmi\/wp-json\/wp\/v2\/media?parent=42"}],"curies":[{"name":"wp","href":"https:\/\/api.w.org\/{rel}","templated":true}]}}